{"id":812,"date":"2022-09-13T08:51:17","date_gmt":"2022-09-13T08:51:17","guid":{"rendered":"https:\/\/konstruktion.vamtam.com\/?page_id=812"},"modified":"2023-05-15T07:04:35","modified_gmt":"2023-05-15T07:04:35","slug":"about-us","status":"publish","type":"page","link":"https:\/\/www.budakyapiinsaat.com\/en\/about-us\/","title":{"rendered":"ABOUT US"},"content":{"rendered":"<div data-elementor-type=\"wp-page\" data-elementor-id=\"812\" class=\"elementor elementor-812\">\n\t\t\t\t\t\t\t\t\t<section class=\"elementor-section elementor-top-section elementor-element elementor-element-50582fc elementor-section-boxed elementor-section-height-default elementor-section-height-default\" data-id=\"50582fc\" data-element_type=\"section\">\n\t\t\t\t\t\t<div class=\"elementor-container elementor-column-gap-no\">\n\t\t\t\t\t<div class=\"elementor-column elementor-col-50 elementor-top-column elementor-element elementor-element-051d7f9\" data-id=\"051d7f9\" data-element_type=\"column\">\n\t\t\t<div class=\"elementor-widget-wrap elementor-element-populated\">\n\t\t\t\t\t\t\t\t<div class=\"elementor-element elementor-element-0c9142b elementor-position-right elementor-widget__width-auto elementor-mobile-position-right elementor-widget-mobile__width-auto elementor-vertical-align-middle elementor-view-default elementor-invisible elementor-widget elementor-widget-icon-box\" data-id=\"0c9142b\" data-element_type=\"widget\" data-settings=\"{&quot;_animation&quot;:&quot;slideInUp&quot;}\" data-widget_type=\"icon-box.default\">\n\t\t\t\t<div class=\"elementor-widget-container\">\n\t\t\t<link rel=\"stylesheet\" href=\"https:\/\/www.budakyapiinsaat.com\/wp-content\/plugins\/elementor\/assets\/css\/widget-icon-box.min.css\">\t\t<div class=\"elementor-icon-box-wrapper\">\n\t\t\t\t\t\t<div class=\"elementor-icon-box-icon\">\n\t\t\t\t<span class=\"elementor-icon elementor-animation-\" >\n\t\t\t\t<i aria-hidden=\"true\" class=\"vamtamtheme- vamtam-theme-line-titles\"><\/i>\t\t\t\t<\/span>\n\t\t\t<\/div>\n\t\t\t\t\t\t<div class=\"elementor-icon-box-content\">\n\t\t\t\t<span class=\"elementor-icon-box-title\">\n\t\t\t\t\t<span  >\n\t\t\t\t\t\tWho we are?\t\t\t\t\t<\/span>\n\t\t\t\t<\/span>\n\t\t\t\t\t\t\t<\/div>\n\t\t<\/div>\n\t\t\t\t<\/div>\n\t\t\t\t<\/div>\n\t\t\t\t\t<\/div>\n\t\t<\/div>\n\t\t\t\t<div class=\"elementor-column elementor-col-50 elementor-top-column elementor-element elementor-element-f75dbc0\" data-id=\"f75dbc0\" data-element_type=\"column\">\n\t\t\t<div class=\"elementor-widget-wrap\">\n\t\t\t\t\t\t\t\t\t<\/div>\n\t\t<\/div>\n\t\t\t\t\t\t\t<\/div>\n\t\t<\/section>\n\t\t\t\t<section class=\"elementor-section elementor-top-section elementor-element elementor-element-ac4e796 elementor-section-full_width elementor-section-height-min-height elementor-section-stretched elementor-section-height-default elementor-section-items-middle\" data-id=\"ac4e796\" data-element_type=\"section\" data-settings=\"{&quot;background_background&quot;:&quot;classic&quot;,&quot;stretch_section&quot;:&quot;section-stretched&quot;}\">\n\t\t\t\t\t\t<div class=\"elementor-container elementor-column-gap-default\">\n\t\t\t\t\t<div class=\"elementor-column elementor-col-100 elementor-top-column elementor-element elementor-element-3c1db8f\" data-id=\"3c1db8f\" data-element_type=\"column\">\n\t\t\t<div class=\"elementor-widget-wrap\">\n\t\t\t\t\t\t\t\t\t<\/div>\n\t\t<\/div>\n\t\t\t\t\t\t\t<\/div>\n\t\t<\/section>\n\t\t\t\t<section class=\"elementor-section elementor-top-section elementor-element elementor-element-ca7dc3d elementor-section-boxed elementor-section-height-default elementor-section-height-default\" data-id=\"ca7dc3d\" data-element_type=\"section\" data-settings=\"{&quot;background_background&quot;:&quot;classic&quot;}\">\n\t\t\t\t\t\t<div class=\"elementor-container elementor-column-gap-no\">\n\t\t\t\t\t<div class=\"elementor-column elementor-col-100 elementor-top-column elementor-element elementor-element-7a99355\" data-id=\"7a99355\" data-element_type=\"column\">\n\t\t\t<div class=\"elementor-widget-wrap elementor-element-populated\">\n\t\t\t\t\t\t\t\t<div class=\"elementor-element elementor-element-fc73c69 elementor-position-right elementor-widget__width-auto elementor-mobile-position-right elementor-widget-mobile__width-auto elementor-vertical-align-middle elementor-view-default elementor-invisible elementor-widget elementor-widget-icon-box\" data-id=\"fc73c69\" data-element_type=\"widget\" data-settings=\"{&quot;_animation&quot;:&quot;slideInUp&quot;}\" data-widget_type=\"icon-box.default\">\n\t\t\t\t<div class=\"elementor-widget-container\">\n\t\t\t\t\t<div class=\"elementor-icon-box-wrapper\">\n\t\t\t\t\t\t<div class=\"elementor-icon-box-icon\">\n\t\t\t\t<span class=\"elementor-icon elementor-animation-\" >\n\t\t\t\t<i aria-hidden=\"true\" class=\"vamtamtheme- vamtam-theme-line-titles\"><\/i>\t\t\t\t<\/span>\n\t\t\t<\/div>\n\t\t\t\t\t\t<div class=\"elementor-icon-box-content\">\n\t\t\t\t<span class=\"elementor-icon-box-title\">\n\t\t\t\t\t<span  >\n\t\t\t\t\t\tBudak \u0130n\u015faat\t\t\t\t\t<\/span>\n\t\t\t\t<\/span>\n\t\t\t\t\t\t\t<\/div>\n\t\t<\/div>\n\t\t\t\t<\/div>\n\t\t\t\t<\/div>\n\t\t\t\t<div class=\"elementor-element elementor-element-8edbc01 elementor-widget elementor-widget-heading\" data-id=\"8edbc01\" data-element_type=\"widget\" data-widget_type=\"heading.default\">\n\t\t\t\t<div class=\"elementor-widget-container\">\n\t\t\t<style>\/*! elementor - v3.13.1 - 09-05-2023 *\/\n.elementor-heading-title{padding:0;margin:0;line-height:1}.elementor-widget-heading .elementor-heading-title[class*=elementor-size-]>a{color:inherit;font-size:inherit;line-height:inherit}.elementor-widget-heading .elementor-heading-title.elementor-size-small{font-size:15px}.elementor-widget-heading .elementor-heading-title.elementor-size-medium{font-size:19px}.elementor-widget-heading .elementor-heading-title.elementor-size-large{font-size:29px}.elementor-widget-heading .elementor-heading-title.elementor-size-xl{font-size:39px}.elementor-widget-heading .elementor-heading-title.elementor-size-xxl{font-size:59px}<\/style><h4 class=\"elementor-heading-title elementor-size-default\">Our company is people-oriented, values \u200b\u200bpeople, knows the importance of the concept of family and wishes you to live happily, peacefully and comfortably with your family, and strives for this. To build quality works that know that the world's ecology is the trust of our children. While making these works, he aims to make the lifestyle that can be sustained without compromising the principles of quality, comfort, safety and hygiene into a life character.  <\/h4>\t\t<\/div>\n\t\t\t\t<\/div>\n\t\t\t\t<div class=\"elementor-element elementor-element-c274310 elementor-widget elementor-widget-heading\" data-id=\"c274310\" data-element_type=\"widget\" data-widget_type=\"heading.default\">\n\t\t\t\t<div class=\"elementor-widget-container\">\n\t\t\t<h4 class=\"elementor-heading-title elementor-size-default\"><div><span style=\"font-family: var( --e-global-typography-vamtam_h4-font-family ), Sans-serif; font-size: var( --e-global-typography-vamtam_h4-font-size ); font-style: normal; font-variant-ligatures: normal; font-variant-caps: normal; font-weight: var( --e-global-typography-vamtam_h4-font-weight ); background-color: var( --e-global-color-vamtam_accent_3 );\"><br><\/span><\/div><div><span style=\"font-family: var( --e-global-typography-vamtam_h4-font-family ), Sans-serif; font-size: var( --e-global-typography-vamtam_h4-font-size ); font-style: normal; font-variant-ligatures: normal; font-variant-caps: normal; font-weight: var( --e-global-typography-vamtam_h4-font-weight ); background-color: var( --e-global-color-vamtam_accent_3 );\">T<\/span><span style=\"font-family: var( --e-global-typography-vamtam_h4-font-family ), Sans-serif; font-size: var( --e-global-typography-vamtam_h4-font-size ); font-style: normal; font-variant-ligatures: normal; font-variant-caps: normal; font-weight: var( --e-global-typography-vamtam_h4-font-weight ); background-color: var( --e-global-color-vamtam_accent_3 );\">In a full-character lifestyle;<\/span><\/div><div><h4 data-elementor-setting-key=\"title\" data-pen-placeholder=\"Buraya yaz...\" style=\"font-style: normal; font-variant-ligatures: normal; font-variant-caps: normal; font-weight: var( --e-global-typography-vamtam_h4-font-weight ); font-size: var( --e-global-typography-vamtam_h4-font-size ); line-height: var( --e-global-typography-vamtam_h4-line-height ); letter-spacing: normal; text-transform: none; text-decoration-thickness: initial; text-decoration-style: initial; text-decoration-color: initial; color: rgb(0, 0, 0); word-spacing: 0px;\">\t  To use the underground and surface resources of the person at a minimum level, to minimize the use of fossil fuels, to use recyclable green energy (solar) with maximum efficiency, to maximize the recycling of household waste without releasing them into the nature.  <\/h4><\/div><\/h4>\t\t<\/div>\n\t\t\t\t<\/div>\n\t\t\t\t\t<\/div>\n\t\t<\/div>\n\t\t\t\t\t\t\t<\/div>\n\t\t<\/section>\n\t\t\t\t<section class=\"elementor-section elementor-top-section elementor-element elementor-element-c771a42 elementor-section-boxed elementor-section-height-default elementor-section-height-default\" data-id=\"c771a42\" data-element_type=\"section\">\n\t\t\t\t\t\t<div class=\"elementor-container elementor-column-gap-no\">\n\t\t\t\t\t<div class=\"elementor-column elementor-col-50 elementor-top-column elementor-element elementor-element-522ebbd\" data-id=\"522ebbd\" data-element_type=\"column\">\n\t\t\t<div class=\"elementor-widget-wrap elementor-element-populated\">\n\t\t\t\t\t\t\t\t<div class=\"elementor-element elementor-element-7eb3c52 elementor-widget elementor-widget-heading\" data-id=\"7eb3c52\" data-element_type=\"widget\" data-widget_type=\"heading.default\">\n\t\t\t\t<div class=\"elementor-widget-container\">\n\t\t\t<h3 class=\"elementor-heading-title elementor-size-default\">Our Company Name<\/h3>\t\t<\/div>\n\t\t\t\t<\/div>\n\t\t\t\t<div class=\"elementor-element elementor-element-0edcb40 elementor-widget elementor-widget-image\" data-id=\"0edcb40\" data-element_type=\"widget\" data-widget_type=\"image.default\">\n\t\t\t\t<div class=\"elementor-widget-container\">\n\t\t\t<style>\/*! elementor - v3.13.1 - 09-05-2023 *\/\n.elementor-widget-image{text-align:center}.elementor-widget-image a{display:inline-block}.elementor-widget-image a img[src$=\".svg\"]{width:48px}.elementor-widget-image img{vertical-align:middle;display:inline-block}<\/style>\t\t\t\t\t\t\t\t\t\t\t\t<img decoding=\"async\" width=\"837\" height=\"1024\" src=\"https:\/\/www.budakyapiinsaat.com\/wp-content\/uploads\/2022\/11\/pexels-mart-production-7222312-837x1024.jpg\" class=\"attachment-large size-large wp-image-9807\" alt=\"\" srcset=\"https:\/\/www.budakyapiinsaat.com\/wp-content\/uploads\/2022\/11\/pexels-mart-production-7222312-837x1024.jpg 837w, https:\/\/www.budakyapiinsaat.com\/wp-content\/uploads\/2022\/11\/pexels-mart-production-7222312-245x300.jpg 245w, https:\/\/www.budakyapiinsaat.com\/wp-content\/uploads\/2022\/11\/pexels-mart-production-7222312-768x939.jpg 768w, https:\/\/www.budakyapiinsaat.com\/wp-content\/uploads\/2022\/11\/pexels-mart-production-7222312.jpg 1066w\" sizes=\"(max-width: 837px) 100vw, 837px\" \/>\t\t\t\t\t\t\t\t\t\t\t\t\t\t\t<\/div>\n\t\t\t\t<\/div>\n\t\t\t\t\t<\/div>\n\t\t<\/div>\n\t\t\t\t<div class=\"elementor-column elementor-col-50 elementor-top-column elementor-element elementor-element-bae1a4b\" data-id=\"bae1a4b\" data-element_type=\"column\">\n\t\t\t<div class=\"elementor-widget-wrap elementor-element-populated\">\n\t\t\t\t\t\t\t\t<div class=\"elementor-element elementor-element-fce73bb elementor-widget elementor-widget-heading\" data-id=\"fce73bb\" data-element_type=\"widget\" data-widget_type=\"heading.default\">\n\t\t\t\t<div class=\"elementor-widget-container\">\n\t\t\t<h4 class=\"elementor-heading-title elementor-size-default\">Our company does not have any connection or agreement with other companies or businesses bearing the name \"BUDAK\". It is announced to the information of all the public. Thank you for your understanding.<\/h4>\t\t<\/div>\n\t\t\t\t<\/div>\n\t\t\t\t<div class=\"elementor-element elementor-element-61e5c4c elementor-widget elementor-widget-image\" data-id=\"61e5c4c\" data-element_type=\"widget\" data-widget_type=\"image.default\">\n\t\t\t\t<div class=\"elementor-widget-container\">\n\t\t\t\t\t\t\t\t\t\t\t\t\t\t\t<img decoding=\"async\" width=\"793\" height=\"1024\" src=\"https:\/\/www.budakyapiinsaat.com\/wp-content\/uploads\/2022\/11\/pexels-mikael-blomkvist-8961130-793x1024.jpg\" class=\"attachment-large size-large wp-image-9808\" alt=\"\" srcset=\"https:\/\/www.budakyapiinsaat.com\/wp-content\/uploads\/2022\/11\/pexels-mikael-blomkvist-8961130-793x1024.jpg 793w, https:\/\/www.budakyapiinsaat.com\/wp-content\/uploads\/2022\/11\/pexels-mikael-blomkvist-8961130-232x300.jpg 232w, https:\/\/www.budakyapiinsaat.com\/wp-content\/uploads\/2022\/11\/pexels-mikael-blomkvist-8961130-768x991.jpg 768w, https:\/\/www.budakyapiinsaat.com\/wp-content\/uploads\/2022\/11\/pexels-mikael-blomkvist-8961130.jpg 1012w\" sizes=\"(max-width: 793px) 100vw, 793px\" \/>\t\t\t\t\t\t\t\t\t\t\t\t\t\t\t<\/div>\n\t\t\t\t<\/div>\n\t\t\t\t\t<\/div>\n\t\t<\/div>\n\t\t\t\t\t\t\t<\/div>\n\t\t<\/section>\n\t\t\t\t<section class=\"elementor-section elementor-top-section elementor-element elementor-element-04cbcb4 elementor-section-boxed elementor-section-height-default elementor-section-height-default\" data-id=\"04cbcb4\" data-element_type=\"section\" data-settings=\"{&quot;background_background&quot;:&quot;classic&quot;}\">\n\t\t\t\t\t\t<div class=\"elementor-container elementor-column-gap-no\">\n\t\t\t\t\t<div class=\"elementor-column elementor-col-50 elementor-top-column elementor-element elementor-element-ad3ba96 vamtam-cta-btn\" data-id=\"ad3ba96\" data-element_type=\"column\">\n\t\t\t<div class=\"elementor-widget-wrap elementor-element-populated\">\n\t\t\t\t\t\t\t\t<div class=\"elementor-element elementor-element-9ec9126 elementor-position-top elementor-view-default elementor-mobile-position-top elementor-vertical-align-top elementor-widget elementor-widget-icon-box\" data-id=\"9ec9126\" data-element_type=\"widget\" data-widget_type=\"icon-box.default\">\n\t\t\t\t<div class=\"elementor-widget-container\">\n\t\t\t\t\t<div class=\"elementor-icon-box-wrapper\">\n\t\t\t\t\t\t<div class=\"elementor-icon-box-icon\">\n\t\t\t\t<span class=\"elementor-icon elementor-animation-\" >\n\t\t\t\t<i aria-hidden=\"true\" class=\"vamtamtheme- vamtam-theme-miner\"><\/i>\t\t\t\t<\/span>\n\t\t\t<\/div>\n\t\t\t\t\t\t<div class=\"elementor-icon-box-content\">\n\t\t\t\t<h3 class=\"elementor-icon-box-title\">\n\t\t\t\t\t<span  >\n\t\t\t\t\t\tOur Mission\t\t\t\t\t<\/span>\n\t\t\t\t<\/h3>\n\t\t\t\t\t\t\t\t\t<p class=\"elementor-icon-box-description\">\n\t\t\t\t\t\tOur main goal is to build the future in accordance with society and people by producing prestigious living spaces in the upcoming period. Robustness in the structure, spaciousness in the area, high-level quality in materials, refinement in details are among the indispensable principles.\t\t\t\t\t<\/p>\n\t\t\t\t\t\t\t<\/div>\n\t\t<\/div>\n\t\t\t\t<\/div>\n\t\t\t\t<\/div>\n\t\t\t\t\t<\/div>\n\t\t<\/div>\n\t\t\t\t<div class=\"elementor-column elementor-col-50 elementor-top-column elementor-element elementor-element-22fd9d0\" data-id=\"22fd9d0\" data-element_type=\"column\">\n\t\t\t<div class=\"elementor-widget-wrap elementor-element-populated\">\n\t\t\t\t\t\t\t\t<div class=\"elementor-element elementor-element-99d429c elementor-position-top elementor-view-default elementor-mobile-position-top elementor-vertical-align-top elementor-widget elementor-widget-icon-box\" data-id=\"99d429c\" data-element_type=\"widget\" data-widget_type=\"icon-box.default\">\n\t\t\t\t<div class=\"elementor-widget-container\">\n\t\t\t\t\t<div class=\"elementor-icon-box-wrapper\">\n\t\t\t\t\t\t<div class=\"elementor-icon-box-icon\">\n\t\t\t\t<span class=\"elementor-icon elementor-animation-\" >\n\t\t\t\t<i aria-hidden=\"true\" class=\"vamtamtheme- vamtam-theme-Buildings\"><\/i>\t\t\t\t<\/span>\n\t\t\t<\/div>\n\t\t\t\t\t\t<div class=\"elementor-icon-box-content\">\n\t\t\t\t<h3 class=\"elementor-icon-box-title\">\n\t\t\t\t\t<span  >\n\t\t\t\t\t\tOur vision\t\t\t\t\t<\/span>\n\t\t\t\t<\/h3>\n\t\t\t\t\t\t\t\t\t<p class=\"elementor-icon-box-description\">\n\t\t\t\t\t\tBudak Construction Inc. It carries out the biggest projects of Malatya and ensures the trust of the sector.\nIt is our company's indispensable vision for the future to offer you comfortable, convenient, useful and modern living spaces. \n\t\t\t\t\t<\/p>\n\t\t\t\t\t\t\t<\/div>\n\t\t<\/div>\n\t\t\t\t<\/div>\n\t\t\t\t<\/div>\n\t\t\t\t\t<\/div>\n\t\t<\/div>\n\t\t\t\t\t\t\t<\/div>\n\t\t<\/section>\n\t\t\t\t\t\t\t<\/div>","protected":false},"excerpt":{"rendered":"<p>Biz kimiz Budak \u0130n\u015faat \u015eirketimiz insan odakl\u0131,insana de\u011fer veren ,aile kavram\u0131n\u0131n \u00f6nemini bilen ve ailenizle mutlu,huzurlu ve konforlu bir \u015fekilde&#8230;<\/p>","protected":false},"author":1,"featured_media":0,"parent":0,"menu_order":0,"comment_status":"closed","ping_status":"closed","template":"","meta":{"_coblocks_attr":"","_coblocks_dimensions":"","_coblocks_responsive_height":"","_coblocks_accordion_ie_support":""},"yoast_head":"<!-- This site is optimized with the Yoast SEO plugin v20.7 - https:\/\/yoast.com\/wordpress\/plugins\/seo\/ -->\n<title>Hakk\u0131m\u0131zda - Budak Yap\u0131 \u0130n\u015faat<\/title>\n<meta name=\"robots\" content=\"index, follow, max-snippet:-1, max-image-preview:large, max-video-preview:-1\" \/>\n<link rel=\"canonical\" href=\"https:\/\/www.budakyapiinsaat.com\/en\/about-us\/\" \/>\n<meta property=\"og:locale\" content=\"en_US\" \/>\n<meta property=\"og:type\" content=\"article\" \/>\n<meta property=\"og:title\" content=\"Hakk\u0131m\u0131zda - Budak Yap\u0131 \u0130n\u015faat\" \/>\n<meta property=\"og:description\" content=\"Biz kimiz Budak \u0130n\u015faat \u015eirketimiz insan odakl\u0131,insana de\u011fer veren ,aile kavram\u0131n\u0131n \u00f6nemini bilen ve ailenizle mutlu,huzurlu ve konforlu bir \u015fekilde...\" \/>\n<meta property=\"og:url\" content=\"https:\/\/www.budakyapiinsaat.com\/en\/about-us\/\" \/>\n<meta property=\"og:site_name\" content=\"Budak Yap\u0131 \u0130n\u015faat\" \/>\n<meta property=\"article:publisher\" content=\"https:\/\/facebook.com\/562480217426920\" \/>\n<meta property=\"article:modified_time\" content=\"2023-05-15T07:04:35+00:00\" \/>\n<meta property=\"og:image\" content=\"https:\/\/www.budakyapiinsaat.com\/wp-content\/uploads\/2022\/11\/pexels-mart-production-7222312-837x1024.jpg\" \/>\n<meta name=\"twitter:card\" content=\"summary_large_image\" \/>\n<meta name=\"twitter:site\" content=\"@BudakInsaat44\" \/>\n<meta name=\"twitter:label1\" content=\"Est. reading time\" \/>\n\t<meta name=\"twitter:data1\" content=\"2 minutes\" \/>\n<script type=\"application\/ld+json\" class=\"yoast-schema-graph\">{\"@context\":\"https:\/\/schema.org\",\"@graph\":[{\"@type\":\"WebPage\",\"@id\":\"https:\/\/www.budakyapiinsaat.com\/about-us\/\",\"url\":\"https:\/\/www.budakyapiinsaat.com\/about-us\/\",\"name\":\"Hakk\u0131m\u0131zda - Budak Yap\u0131 \u0130n\u015faat\",\"isPartOf\":{\"@id\":\"https:\/\/www.budakyapiinsaat.com\/#website\"},\"datePublished\":\"2022-09-13T08:51:17+00:00\",\"dateModified\":\"2023-05-15T07:04:35+00:00\",\"breadcrumb\":{\"@id\":\"https:\/\/www.budakyapiinsaat.com\/about-us\/#breadcrumb\"},\"inLanguage\":\"en-US\",\"potentialAction\":[{\"@type\":\"ReadAction\",\"target\":[\"https:\/\/www.budakyapiinsaat.com\/about-us\/\"]}]},{\"@type\":\"BreadcrumbList\",\"@id\":\"https:\/\/www.budakyapiinsaat.com\/about-us\/#breadcrumb\",\"itemListElement\":[{\"@type\":\"ListItem\",\"position\":1,\"name\":\"Home\",\"item\":\"https:\/\/www.budakyapiinsaat.com\/tr\/\"},{\"@type\":\"ListItem\",\"position\":2,\"name\":\"Hakk\u0131m\u0131zda\"}]},{\"@type\":\"WebSite\",\"@id\":\"https:\/\/www.budakyapiinsaat.com\/#website\",\"url\":\"https:\/\/www.budakyapiinsaat.com\/\",\"name\":\"Budak Yap\u0131 \u0130n\u015faat\",\"description\":\"Budak Yap\u0131 \u0130n\u015faat\",\"publisher\":{\"@id\":\"https:\/\/www.budakyapiinsaat.com\/#organization\"},\"potentialAction\":[{\"@type\":\"SearchAction\",\"target\":{\"@type\":\"EntryPoint\",\"urlTemplate\":\"https:\/\/www.budakyapiinsaat.com\/?s={search_term_string}\"},\"query-input\":\"required name=search_term_string\"}],\"inLanguage\":\"en-US\"},{\"@type\":\"Organization\",\"@id\":\"https:\/\/www.budakyapiinsaat.com\/#organization\",\"name\":\"Budak Yap\u0131 \u0130n\u015faat\",\"url\":\"https:\/\/www.budakyapiinsaat.com\/\",\"logo\":{\"@type\":\"ImageObject\",\"inLanguage\":\"en-US\",\"@id\":\"https:\/\/www.budakyapiinsaat.com\/#\/schema\/logo\/image\/\",\"url\":\"https:\/\/www.budakyapiinsaat.com\/wp-content\/uploads\/2022\/09\/111.png\",\"contentUrl\":\"https:\/\/www.budakyapiinsaat.com\/wp-content\/uploads\/2022\/09\/111.png\",\"width\":1251,\"height\":818,\"caption\":\"Budak Yap\u0131 \u0130n\u015faat\"},\"image\":{\"@id\":\"https:\/\/www.budakyapiinsaat.com\/#\/schema\/logo\/image\/\"},\"sameAs\":[\"https:\/\/facebook.com\/562480217426920\",\"https:\/\/twitter.com\/BudakInsaat44\"]}]}<\/script>\n<!-- \/ Yoast SEO plugin. -->","yoast_head_json":{"title":"Hakk\u0131m\u0131zda - Budak Yap\u0131 \u0130n\u015faat","robots":{"index":"index","follow":"follow","max-snippet":"max-snippet:-1","max-image-preview":"max-image-preview:large","max-video-preview":"max-video-preview:-1"},"canonical":"https:\/\/www.budakyapiinsaat.com\/en\/about-us\/","og_locale":"en_US","og_type":"article","og_title":"Hakk\u0131m\u0131zda - Budak Yap\u0131 \u0130n\u015faat","og_description":"Biz kimiz Budak \u0130n\u015faat \u015eirketimiz insan odakl\u0131,insana de\u011fer veren ,aile kavram\u0131n\u0131n \u00f6nemini bilen ve ailenizle mutlu,huzurlu ve konforlu bir \u015fekilde...","og_url":"https:\/\/www.budakyapiinsaat.com\/en\/about-us\/","og_site_name":"Budak Yap\u0131 \u0130n\u015faat","article_publisher":"https:\/\/facebook.com\/562480217426920","article_modified_time":"2023-05-15T07:04:35+00:00","og_image":[{"url":"https:\/\/www.budakyapiinsaat.com\/wp-content\/uploads\/2022\/11\/pexels-mart-production-7222312-837x1024.jpg"}],"twitter_card":"summary_large_image","twitter_site":"@BudakInsaat44","twitter_misc":{"Est. reading time":"2 minutes"},"schema":{"@context":"https:\/\/schema.org","@graph":[{"@type":"WebPage","@id":"https:\/\/www.budakyapiinsaat.com\/about-us\/","url":"https:\/\/www.budakyapiinsaat.com\/about-us\/","name":"Hakk\u0131m\u0131zda - Budak Yap\u0131 \u0130n\u015faat","isPartOf":{"@id":"https:\/\/www.budakyapiinsaat.com\/#website"},"datePublished":"2022-09-13T08:51:17+00:00","dateModified":"2023-05-15T07:04:35+00:00","breadcrumb":{"@id":"https:\/\/www.budakyapiinsaat.com\/about-us\/#breadcrumb"},"inLanguage":"en-US","potentialAction":[{"@type":"ReadAction","target":["https:\/\/www.budakyapiinsaat.com\/about-us\/"]}]},{"@type":"BreadcrumbList","@id":"https:\/\/www.budakyapiinsaat.com\/about-us\/#breadcrumb","itemListElement":[{"@type":"ListItem","position":1,"name":"Home","item":"https:\/\/www.budakyapiinsaat.com\/tr\/"},{"@type":"ListItem","position":2,"name":"Hakk\u0131m\u0131zda"}]},{"@type":"WebSite","@id":"https:\/\/www.budakyapiinsaat.com\/#website","url":"https:\/\/www.budakyapiinsaat.com\/","name":"Budak Yap\u0131 \u0130n\u015faat","description":"Budak Yap\u0131 \u0130n\u015faat","publisher":{"@id":"https:\/\/www.budakyapiinsaat.com\/#organization"},"potentialAction":[{"@type":"SearchAction","target":{"@type":"EntryPoint","urlTemplate":"https:\/\/www.budakyapiinsaat.com\/?s={search_term_string}"},"query-input":"required name=search_term_string"}],"inLanguage":"en-US"},{"@type":"Organization","@id":"https:\/\/www.budakyapiinsaat.com\/#organization","name":"Budak Yap\u0131 \u0130n\u015faat","url":"https:\/\/www.budakyapiinsaat.com\/","logo":{"@type":"ImageObject","inLanguage":"en-US","@id":"https:\/\/www.budakyapiinsaat.com\/#\/schema\/logo\/image\/","url":"https:\/\/www.budakyapiinsaat.com\/wp-content\/uploads\/2022\/09\/111.png","contentUrl":"https:\/\/www.budakyapiinsaat.com\/wp-content\/uploads\/2022\/09\/111.png","width":1251,"height":818,"caption":"Budak Yap\u0131 \u0130n\u015faat"},"image":{"@id":"https:\/\/www.budakyapiinsaat.com\/#\/schema\/logo\/image\/"},"sameAs":["https:\/\/facebook.com\/562480217426920","https:\/\/twitter.com\/BudakInsaat44"]}]}},"_links":{"self":[{"href":"https:\/\/www.budakyapiinsaat.com\/en\/wp-json\/wp\/v2\/pages\/812"}],"collection":[{"href":"https:\/\/www.budakyapiinsaat.com\/en\/wp-json\/wp\/v2\/pages"}],"about":[{"href":"https:\/\/www.budakyapiinsaat.com\/en\/wp-json\/wp\/v2\/types\/page"}],"author":[{"embeddable":true,"href":"https:\/\/www.budakyapiinsaat.com\/en\/wp-json\/wp\/v2\/users\/1"}],"replies":[{"embeddable":true,"href":"https:\/\/www.budakyapiinsaat.com\/en\/wp-json\/wp\/v2\/comments?post=812"}],"version-history":[{"count":27,"href":"https:\/\/www.budakyapiinsaat.com\/en\/wp-json\/wp\/v2\/pages\/812\/revisions"}],"predecessor-version":[{"id":987824,"href":"https:\/\/www.budakyapiinsaat.com\/en\/wp-json\/wp\/v2\/pages\/812\/revisions\/987824"}],"wp:attachment":[{"href":"https:\/\/www.budakyapiinsaat.com\/en\/wp-json\/wp\/v2\/media?parent=812"}],"curies":[{"name":"wp","href":"https:\/\/api.w.org\/{rel}","templated":true}]}}