{"id":1832,"date":"2022-09-26T11:47:39","date_gmt":"2022-09-26T11:47:39","guid":{"rendered":"https:\/\/konstruktion.vamtam.com\/?page_id=1832"},"modified":"2022-09-26T11:47:39","modified_gmt":"2022-09-26T11:47:39","slug":"news","status":"publish","type":"page","link":"https:\/\/www.budakyapiinsaat.com\/ru\/news\/","title":{"rendered":"News"},"content":{"rendered":"<div data-elementor-type=\"wp-page\" data-elementor-id=\"1832\" class=\"elementor elementor-1832\">\n\t\t\t\t\t\t\t\t\t<section class=\"elementor-section elementor-top-section elementor-element elementor-element-6a31a80 elementor-section-boxed elementor-section-height-default elementor-section-height-default\" data-id=\"6a31a80\" data-element_type=\"section\">\n\t\t\t\t\t\t<div class=\"elementor-container elementor-column-gap-no\">\n\t\t\t\t\t<div class=\"elementor-column elementor-col-50 elementor-top-column elementor-element elementor-element-e914ed6\" data-id=\"e914ed6\" data-element_type=\"column\">\n\t\t\t<div class=\"elementor-widget-wrap elementor-element-populated\">\n\t\t\t\t\t\t\t\t<div class=\"elementor-element elementor-element-103d292 elementor-position-right elementor-widget__width-auto elementor-mobile-position-right elementor-widget-mobile__width-auto elementor-vertical-align-middle elementor-view-default elementor-invisible elementor-widget elementor-widget-icon-box\" data-id=\"103d292\" data-element_type=\"widget\" data-settings=\"{&quot;_animation&quot;:&quot;slideInUp&quot;}\" data-widget_type=\"icon-box.default\">\n\t\t\t\t<div class=\"elementor-widget-container\">\n\t\t\t<link rel=\"stylesheet\" href=\"https:\/\/www.budakyapiinsaat.com\/wp-content\/plugins\/elementor\/assets\/css\/widget-icon-box.min.css\">\t\t<div class=\"elementor-icon-box-wrapper\">\n\t\t\t\t\t\t<div class=\"elementor-icon-box-icon\">\n\t\t\t\t<span class=\"elementor-icon elementor-animation-\" >\n\t\t\t\t<i aria-hidden=\"true\" class=\"vamtamtheme- vamtam-theme-line-titles\"><\/i>\t\t\t\t<\/span>\n\t\t\t<\/div>\n\t\t\t\t\t\t<div class=\"elementor-icon-box-content\">\n\t\t\t\t<span class=\"elementor-icon-box-title\">\n\t\t\t\t\t<span  >\n\t\t\t\t\t\tInsights\t\t\t\t\t<\/span>\n\t\t\t\t<\/span>\n\t\t\t\t\t\t\t<\/div>\n\t\t<\/div>\n\t\t\t\t<\/div>\n\t\t\t\t<\/div>\n\t\t\t\t\t<\/div>\n\t\t<\/div>\n\t\t\t\t<div class=\"elementor-column elementor-col-50 elementor-top-column elementor-element elementor-element-301cc77\" data-id=\"301cc77\" data-element_type=\"column\">\n\t\t\t<div class=\"elementor-widget-wrap elementor-element-populated\">\n\t\t\t\t\t\t\t\t<div class=\"elementor-element elementor-element-7ad7e7a elementor-widget elementor-widget-text-editor\" data-id=\"7ad7e7a\" data-element_type=\"widget\" data-widget_type=\"text-editor.default\">\n\t\t\t\t<div class=\"elementor-widget-container\">\n\t\t\t<style>\/*! elementor - v3.13.1 - 09-05-2023 *\/\n.elementor-widget-text-editor.elementor-drop-cap-view-stacked .elementor-drop-cap{background-color:#69727d;color:#fff}.elementor-widget-text-editor.elementor-drop-cap-view-framed .elementor-drop-cap{color:#69727d;border:3px solid;background-color:transparent}.elementor-widget-text-editor:not(.elementor-drop-cap-view-default) .elementor-drop-cap{margin-top:8px}.elementor-widget-text-editor:not(.elementor-drop-cap-view-default) .elementor-drop-cap-letter{width:1em;height:1em}.elementor-widget-text-editor .elementor-drop-cap{float:left;text-align:center;line-height:1;font-size:50px}.elementor-widget-text-editor .elementor-drop-cap-letter{display:inline-block}<\/style>\t\t\t\tOur people are dedicated to finding solutions to every challenge. That spirit makes for some great stories.\t\t\t\t\t\t<\/div>\n\t\t\t\t<\/div>\n\t\t\t\t\t<\/div>\n\t\t<\/div>\n\t\t\t\t\t\t\t<\/div>\n\t\t<\/section>\n\t\t\t\t<section class=\"elementor-section elementor-top-section elementor-element elementor-element-0a8470e elementor-hidden-mobile elementor-section-boxed elementor-section-height-default elementor-section-height-default\" data-id=\"0a8470e\" data-element_type=\"section\">\n\t\t\t\t\t\t<div class=\"elementor-container elementor-column-gap-no\">\n\t\t\t\t\t<div class=\"elementor-column elementor-col-100 elementor-top-column elementor-element elementor-element-37ae6e4\" data-id=\"37ae6e4\" data-element_type=\"column\">\n\t\t\t<div class=\"elementor-widget-wrap elementor-element-populated\">\n\t\t\t\t\t\t\t\t\t<\/div>\n\t\t<\/div>\n\t\t\t\t\t\t\t<\/div>\n\t\t<\/section>\n\t\t\t\t<section class=\"elementor-section elementor-top-section elementor-element elementor-element-30198cd elementor-hidden-desktop elementor-hidden-tablet elementor-section-boxed elementor-section-height-default elementor-section-height-default\" data-id=\"30198cd\" data-element_type=\"section\">\n\t\t\t\t\t\t<div class=\"elementor-container elementor-column-gap-no\">\n\t\t\t\t\t<div class=\"elementor-column elementor-col-100 elementor-top-column elementor-element elementor-element-32903ae\" data-id=\"32903ae\" data-element_type=\"column\">\n\t\t\t<div class=\"elementor-widget-wrap elementor-element-populated\">\n\t\t\t\t\t\t\t\t\t<\/div>\n\t\t<\/div>\n\t\t\t\t\t\t\t<\/div>\n\t\t<\/section>\n\t\t\t\t<section class=\"elementor-section elementor-top-section elementor-element elementor-element-21cbecd elementor-section-boxed elementor-section-height-default elementor-section-height-default\" data-id=\"21cbecd\" data-element_type=\"section\">\n\t\t\t\t\t\t<div class=\"elementor-container elementor-column-gap-no\">\n\t\t\t\t\t<div class=\"elementor-column elementor-col-100 elementor-top-column elementor-element elementor-element-d64f8a4\" data-id=\"d64f8a4\" data-element_type=\"column\">\n\t\t\t<div class=\"elementor-widget-wrap elementor-element-populated\">\n\t\t\t\t\t\t\t\t\t<\/div>\n\t\t<\/div>\n\t\t\t\t\t\t\t<\/div>\n\t\t<\/section>\n\t\t\t\t\t\t\t<\/div>","protected":false},"excerpt":{"rendered":"<p>Insights Our people are dedicated to finding solutions to every challenge. That spirit makes for some great stories.<\/p>","protected":false},"author":1,"featured_media":0,"parent":0,"menu_order":0,"comment_status":"closed","ping_status":"closed","template":"","meta":{"_coblocks_attr":"","_coblocks_dimensions":"","_coblocks_responsive_height":"","_coblocks_accordion_ie_support":""},"yoast_head":"<!-- This site is optimized with the Yoast SEO plugin v20.7 - https:\/\/yoast.com\/wordpress\/plugins\/seo\/ -->\n<title>News - Budak Yap\u0131 \u0130n\u015faat<\/title>\n<meta name=\"robots\" content=\"index, follow, max-snippet:-1, max-image-preview:large, max-video-preview:-1\" \/>\n<link rel=\"canonical\" href=\"https:\/\/www.budakyapiinsaat.com\/ru\/news\/\" \/>\n<meta property=\"og:locale\" content=\"ru_RU\" \/>\n<meta property=\"og:type\" content=\"article\" \/>\n<meta property=\"og:title\" content=\"News - Budak Yap\u0131 \u0130n\u015faat\" \/>\n<meta property=\"og:description\" content=\"Insights Our people are dedicated to finding solutions to every challenge. That spirit makes for some great stories.\" \/>\n<meta property=\"og:url\" content=\"https:\/\/www.budakyapiinsaat.com\/ru\/news\/\" \/>\n<meta property=\"og:site_name\" content=\"Budak Yap\u0131 \u0130n\u015faat\" \/>\n<meta property=\"article:publisher\" content=\"https:\/\/facebook.com\/562480217426920\" \/>\n<meta name=\"twitter:card\" content=\"summary_large_image\" \/>\n<meta name=\"twitter:site\" content=\"@BudakInsaat44\" \/>\n<script type=\"application\/ld+json\" class=\"yoast-schema-graph\">{\"@context\":\"https:\/\/schema.org\",\"@graph\":[{\"@type\":\"WebPage\",\"@id\":\"https:\/\/www.budakyapiinsaat.com\/news\/\",\"url\":\"https:\/\/www.budakyapiinsaat.com\/news\/\",\"name\":\"News - Budak Yap\u0131 \u0130n\u015faat\",\"isPartOf\":{\"@id\":\"https:\/\/www.budakyapiinsaat.com\/#website\"},\"datePublished\":\"2022-09-26T11:47:39+00:00\",\"dateModified\":\"2022-09-26T11:47:39+00:00\",\"breadcrumb\":{\"@id\":\"https:\/\/www.budakyapiinsaat.com\/news\/#breadcrumb\"},\"inLanguage\":\"ru-RU\",\"potentialAction\":[{\"@type\":\"ReadAction\",\"target\":[\"https:\/\/www.budakyapiinsaat.com\/news\/\"]}]},{\"@type\":\"BreadcrumbList\",\"@id\":\"https:\/\/www.budakyapiinsaat.com\/news\/#breadcrumb\",\"itemListElement\":[{\"@type\":\"ListItem\",\"position\":1,\"name\":\"Home\",\"item\":\"https:\/\/www.budakyapiinsaat.com\/tr\/\"},{\"@type\":\"ListItem\",\"position\":2,\"name\":\"News\"}]},{\"@type\":\"WebSite\",\"@id\":\"https:\/\/www.budakyapiinsaat.com\/#website\",\"url\":\"https:\/\/www.budakyapiinsaat.com\/\",\"name\":\"Budak Yap\u0131 \u0130n\u015faat\",\"description\":\"Budak Yap\u0131 \u0130n\u015faat\",\"publisher\":{\"@id\":\"https:\/\/www.budakyapiinsaat.com\/#organization\"},\"potentialAction\":[{\"@type\":\"SearchAction\",\"target\":{\"@type\":\"EntryPoint\",\"urlTemplate\":\"https:\/\/www.budakyapiinsaat.com\/?s={search_term_string}\"},\"query-input\":\"required name=search_term_string\"}],\"inLanguage\":\"ru-RU\"},{\"@type\":\"Organization\",\"@id\":\"https:\/\/www.budakyapiinsaat.com\/#organization\",\"name\":\"Budak Yap\u0131 \u0130n\u015faat\",\"url\":\"https:\/\/www.budakyapiinsaat.com\/\",\"logo\":{\"@type\":\"ImageObject\",\"inLanguage\":\"ru-RU\",\"@id\":\"https:\/\/www.budakyapiinsaat.com\/#\/schema\/logo\/image\/\",\"url\":\"https:\/\/www.budakyapiinsaat.com\/wp-content\/uploads\/2022\/09\/111.png\",\"contentUrl\":\"https:\/\/www.budakyapiinsaat.com\/wp-content\/uploads\/2022\/09\/111.png\",\"width\":1251,\"height\":818,\"caption\":\"Budak Yap\u0131 \u0130n\u015faat\"},\"image\":{\"@id\":\"https:\/\/www.budakyapiinsaat.com\/#\/schema\/logo\/image\/\"},\"sameAs\":[\"https:\/\/facebook.com\/562480217426920\",\"https:\/\/twitter.com\/BudakInsaat44\"]}]}<\/script>\n<!-- \/ Yoast SEO plugin. -->","yoast_head_json":{"title":"News - Budak Yap\u0131 \u0130n\u015faat","robots":{"index":"index","follow":"follow","max-snippet":"max-snippet:-1","max-image-preview":"max-image-preview:large","max-video-preview":"max-video-preview:-1"},"canonical":"https:\/\/www.budakyapiinsaat.com\/ru\/news\/","og_locale":"ru_RU","og_type":"article","og_title":"News - Budak Yap\u0131 \u0130n\u015faat","og_description":"Insights Our people are dedicated to finding solutions to every challenge. That spirit makes for some great stories.","og_url":"https:\/\/www.budakyapiinsaat.com\/ru\/news\/","og_site_name":"Budak Yap\u0131 \u0130n\u015faat","article_publisher":"https:\/\/facebook.com\/562480217426920","twitter_card":"summary_large_image","twitter_site":"@BudakInsaat44","schema":{"@context":"https:\/\/schema.org","@graph":[{"@type":"WebPage","@id":"https:\/\/www.budakyapiinsaat.com\/news\/","url":"https:\/\/www.budakyapiinsaat.com\/news\/","name":"News - Budak Yap\u0131 \u0130n\u015faat","isPartOf":{"@id":"https:\/\/www.budakyapiinsaat.com\/#website"},"datePublished":"2022-09-26T11:47:39+00:00","dateModified":"2022-09-26T11:47:39+00:00","breadcrumb":{"@id":"https:\/\/www.budakyapiinsaat.com\/news\/#breadcrumb"},"inLanguage":"ru-RU","potentialAction":[{"@type":"ReadAction","target":["https:\/\/www.budakyapiinsaat.com\/news\/"]}]},{"@type":"BreadcrumbList","@id":"https:\/\/www.budakyapiinsaat.com\/news\/#breadcrumb","itemListElement":[{"@type":"ListItem","position":1,"name":"Home","item":"https:\/\/www.budakyapiinsaat.com\/tr\/"},{"@type":"ListItem","position":2,"name":"News"}]},{"@type":"WebSite","@id":"https:\/\/www.budakyapiinsaat.com\/#website","url":"https:\/\/www.budakyapiinsaat.com\/","name":"Budak Yap\u0131 \u0130n\u015faat","description":"Budak Yap\u0131 \u0130n\u015faat","publisher":{"@id":"https:\/\/www.budakyapiinsaat.com\/#organization"},"potentialAction":[{"@type":"SearchAction","target":{"@type":"EntryPoint","urlTemplate":"https:\/\/www.budakyapiinsaat.com\/?s={search_term_string}"},"query-input":"required name=search_term_string"}],"inLanguage":"ru-RU"},{"@type":"Organization","@id":"https:\/\/www.budakyapiinsaat.com\/#organization","name":"Budak Yap\u0131 \u0130n\u015faat","url":"https:\/\/www.budakyapiinsaat.com\/","logo":{"@type":"ImageObject","inLanguage":"ru-RU","@id":"https:\/\/www.budakyapiinsaat.com\/#\/schema\/logo\/image\/","url":"https:\/\/www.budakyapiinsaat.com\/wp-content\/uploads\/2022\/09\/111.png","contentUrl":"https:\/\/www.budakyapiinsaat.com\/wp-content\/uploads\/2022\/09\/111.png","width":1251,"height":818,"caption":"Budak Yap\u0131 \u0130n\u015faat"},"image":{"@id":"https:\/\/www.budakyapiinsaat.com\/#\/schema\/logo\/image\/"},"sameAs":["https:\/\/facebook.com\/562480217426920","https:\/\/twitter.com\/BudakInsaat44"]}]}},"_links":{"self":[{"href":"https:\/\/www.budakyapiinsaat.com\/ru\/wp-json\/wp\/v2\/pages\/1832"}],"collection":[{"href":"https:\/\/www.budakyapiinsaat.com\/ru\/wp-json\/wp\/v2\/pages"}],"about":[{"href":"https:\/\/www.budakyapiinsaat.com\/ru\/wp-json\/wp\/v2\/types\/page"}],"author":[{"embeddable":true,"href":"https:\/\/www.budakyapiinsaat.com\/ru\/wp-json\/wp\/v2\/users\/1"}],"replies":[{"embeddable":true,"href":"https:\/\/www.budakyapiinsaat.com\/ru\/wp-json\/wp\/v2\/comments?post=1832"}],"version-history":[{"count":0,"href":"https:\/\/www.budakyapiinsaat.com\/ru\/wp-json\/wp\/v2\/pages\/1832\/revisions"}],"wp:attachment":[{"href":"https:\/\/www.budakyapiinsaat.com\/ru\/wp-json\/wp\/v2\/media?parent=1832"}],"curies":[{"name":"wp","href":"https:\/\/api.w.org\/{rel}","templated":true}]}}