{"id":5892,"date":"2022-10-25T12:06:14","date_gmt":"2022-10-25T12:06:14","guid":{"rendered":"https:\/\/konstruktion.vamtam.com\/?page_id=5892"},"modified":"2023-05-16T21:44:25","modified_gmt":"2023-05-16T21:44:25","slug":"pre-construction","status":"publish","type":"page","link":"https:\/\/www.budakyapiinsaat.com\/ru\/services\/pre-construction\/","title":{"rendered":"\u043f\u0440\u043e\u0435\u043a\u0442 \u0437\u0435\u043b\u0451\u043d\u043e\u0439 \u043a\u0440\u044b\u0448\u0438"},"content":{"rendered":"<div data-elementor-type=\"wp-page\" data-elementor-id=\"5892\" class=\"elementor elementor-5892\">\n\t\t\t\t\t\t\t\t\t<section class=\"elementor-section elementor-top-section elementor-element elementor-element-3247476 elementor-section-boxed elementor-section-height-default elementor-section-height-default\" data-id=\"3247476\" data-element_type=\"section\">\n\t\t\t\t\t\t<div class=\"elementor-container elementor-column-gap-no\">\n\t\t\t\t\t<div class=\"elementor-column elementor-col-50 elementor-top-column elementor-element elementor-element-30e7761\" data-id=\"30e7761\" data-element_type=\"column\">\n\t\t\t<div class=\"elementor-widget-wrap elementor-element-populated\">\n\t\t\t\t\t\t\t\t<div class=\"elementor-element elementor-element-8708c90 elementor-position-right elementor-widget__width-auto elementor-mobile-position-right elementor-widget-mobile__width-auto elementor-vertical-align-middle elementor-view-default elementor-invisible elementor-widget elementor-widget-icon-box\" data-id=\"8708c90\" data-element_type=\"widget\" data-settings=\"{&quot;_animation&quot;:&quot;slideInUp&quot;}\" data-widget_type=\"icon-box.default\">\n\t\t\t\t<div class=\"elementor-widget-container\">\n\t\t\t<link rel=\"stylesheet\" href=\"https:\/\/www.budakyapiinsaat.com\/wp-content\/plugins\/elementor\/assets\/css\/widget-icon-box.min.css\">\t\t<div class=\"elementor-icon-box-wrapper\">\n\t\t\t\t\t\t<div class=\"elementor-icon-box-icon\">\n\t\t\t\t<span class=\"elementor-icon elementor-animation-\" >\n\t\t\t\t<i aria-hidden=\"true\" class=\"vamtamtheme- vamtam-theme-line-titles\"><\/i>\t\t\t\t<\/span>\n\t\t\t<\/div>\n\t\t\t\t\t\t<div class=\"elementor-icon-box-content\">\n\t\t\t\t<span class=\"elementor-icon-box-title\">\n\t\t\t\t\t<span  >\n\t\t\t\t\t\t\u041f\u0440\u043e\u0435\u043a\u0442\u044b\t\t\t\t\t<\/span>\n\t\t\t\t<\/span>\n\t\t\t\t\t\t\t<\/div>\n\t\t<\/div>\n\t\t\t\t<\/div>\n\t\t\t\t<\/div>\n\t\t\t\t\t<\/div>\n\t\t<\/div>\n\t\t\t\t<div class=\"elementor-column elementor-col-50 elementor-top-column elementor-element elementor-element-a777c74\" data-id=\"a777c74\" data-element_type=\"column\">\n\t\t\t<div class=\"elementor-widget-wrap\">\n\t\t\t\t\t\t\t\t\t<\/div>\n\t\t<\/div>\n\t\t\t\t\t\t\t<\/div>\n\t\t<\/section>\n\t\t\t\t<section class=\"elementor-section elementor-top-section elementor-element elementor-element-3b822de elementor-section-full_width elementor-section-height-min-height elementor-section-stretched elementor-section-height-default elementor-section-items-middle\" data-id=\"3b822de\" data-element_type=\"section\" data-settings=\"{&quot;background_background&quot;:&quot;classic&quot;,&quot;stretch_section&quot;:&quot;section-stretched&quot;}\">\n\t\t\t\t\t\t<div class=\"elementor-container elementor-column-gap-default\">\n\t\t\t\t\t<div class=\"elementor-column elementor-col-100 elementor-top-column elementor-element elementor-element-ca5bd0f\" data-id=\"ca5bd0f\" data-element_type=\"column\">\n\t\t\t<div class=\"elementor-widget-wrap\">\n\t\t\t\t\t\t\t\t\t<\/div>\n\t\t<\/div>\n\t\t\t\t\t\t\t<\/div>\n\t\t<\/section>\n\t\t\t\t<section class=\"elementor-section elementor-top-section elementor-element elementor-element-3d2eb45 elementor-section-boxed elementor-section-height-default elementor-section-height-default\" data-id=\"3d2eb45\" data-element_type=\"section\">\n\t\t\t\t\t\t<div class=\"elementor-container elementor-column-gap-default\">\n\t\t\t\t\t<div class=\"elementor-column elementor-col-100 elementor-top-column elementor-element elementor-element-c54f8a8\" data-id=\"c54f8a8\" data-element_type=\"column\">\n\t\t\t<div class=\"elementor-widget-wrap elementor-element-populated\">\n\t\t\t\t\t\t\t\t<div class=\"elementor-element elementor-element-bdd2909 elementor-widget elementor-widget-spacer\" data-id=\"bdd2909\" data-element_type=\"widget\" data-widget_type=\"spacer.default\">\n\t\t\t\t<div class=\"elementor-widget-container\">\n\t\t\t<style>\/*! elementor - v3.13.1 - 09-05-2023 *\/\n.elementor-column .elementor-spacer-inner{height:var(--spacer-size)}.e-con{--container-widget-width:100%}.e-con-inner>.elementor-widget-spacer,.e-con>.elementor-widget-spacer{width:var(--container-widget-width,var(--spacer-size));--align-self:var(--container-widget-align-self,initial);--flex-shrink:0}.e-con-inner>.elementor-widget-spacer>.elementor-widget-container,.e-con-inner>.elementor-widget-spacer>.elementor-widget-container>.elementor-spacer,.e-con>.elementor-widget-spacer>.elementor-widget-container,.e-con>.elementor-widget-spacer>.elementor-widget-container>.elementor-spacer{height:100%}.e-con-inner>.elementor-widget-spacer>.elementor-widget-container>.elementor-spacer>.elementor-spacer-inner,.e-con>.elementor-widget-spacer>.elementor-widget-container>.elementor-spacer>.elementor-spacer-inner{height:var(--container-widget-height,var(--spacer-size))}<\/style>\t\t<div class=\"elementor-spacer\">\n\t\t\t<div class=\"elementor-spacer-inner\"><\/div>\n\t\t<\/div>\n\t\t\t\t<\/div>\n\t\t\t\t<\/div>\n\t\t\t\t\t<\/div>\n\t\t<\/div>\n\t\t\t\t\t\t\t<\/div>\n\t\t<\/section>\n\t\t\t\t<section class=\"elementor-section elementor-top-section elementor-element elementor-element-91c6682 elementor-section-boxed elementor-section-height-default elementor-section-height-default\" data-id=\"91c6682\" data-element_type=\"section\">\n\t\t\t\t\t\t<div class=\"elementor-container elementor-column-gap-default\">\n\t\t\t\t\t<div class=\"elementor-column elementor-col-100 elementor-top-column elementor-element elementor-element-3b35a91\" data-id=\"3b35a91\" data-element_type=\"column\">\n\t\t\t<div class=\"elementor-widget-wrap elementor-element-populated\">\n\t\t\t\t\t\t\t\t<section class=\"elementor-section elementor-inner-section elementor-element elementor-element-efda8db elementor-section-boxed elementor-section-height-default elementor-section-height-default\" data-id=\"efda8db\" data-element_type=\"section\">\n\t\t\t\t\t\t<div class=\"elementor-container elementor-column-gap-default\">\n\t\t\t\t\t<div class=\"elementor-column elementor-col-50 elementor-inner-column elementor-element elementor-element-24619e5\" data-id=\"24619e5\" data-element_type=\"column\">\n\t\t\t<div class=\"elementor-widget-wrap elementor-element-populated\">\n\t\t\t\t\t\t\t\t<div class=\"elementor-element elementor-element-ac8efa3 elementor-widget elementor-widget-image\" data-id=\"ac8efa3\" data-element_type=\"widget\" data-widget_type=\"image.default\">\n\t\t\t\t<div class=\"elementor-widget-container\">\n\t\t\t<style>\/*! elementor - v3.13.1 - 09-05-2023 *\/\n.elementor-widget-image{text-align:center}.elementor-widget-image a{display:inline-block}.elementor-widget-image a img[src$=\".svg\"]{width:48px}.elementor-widget-image img{vertical-align:middle;display:inline-block}<\/style>\t\t\t\t\t\t\t\t\t\t\t\t<img decoding=\"async\" width=\"721\" height=\"902\" src=\"https:\/\/www.budakyapiinsaat.com\/wp-content\/uploads\/2023\/05\/WhatsApp-Image-2020-03-20-at-18.24.10-3.jpeg\" class=\"attachment-large size-large wp-image-987864\" alt=\"\" srcset=\"https:\/\/www.budakyapiinsaat.com\/wp-content\/uploads\/2023\/05\/WhatsApp-Image-2020-03-20-at-18.24.10-3.jpeg 721w, https:\/\/www.budakyapiinsaat.com\/wp-content\/uploads\/2023\/05\/WhatsApp-Image-2020-03-20-at-18.24.10-3-240x300.jpeg 240w, https:\/\/www.budakyapiinsaat.com\/wp-content\/uploads\/2023\/05\/WhatsApp-Image-2020-03-20-at-18.24.10-3-10x12.jpeg 10w\" sizes=\"(max-width: 721px) 100vw, 721px\" \/>\t\t\t\t\t\t\t\t\t\t\t\t\t\t\t<\/div>\n\t\t\t\t<\/div>\n\t\t\t\t\t<\/div>\n\t\t<\/div>\n\t\t\t\t<div class=\"elementor-column elementor-col-50 elementor-inner-column elementor-element elementor-element-84d2b24\" data-id=\"84d2b24\" data-element_type=\"column\">\n\t\t\t<div class=\"elementor-widget-wrap elementor-element-populated\">\n\t\t\t\t\t\t\t\t<div class=\"elementor-element elementor-element-c210aac elementor-widget elementor-widget-image\" data-id=\"c210aac\" data-element_type=\"widget\" data-widget_type=\"image.default\">\n\t\t\t\t<div class=\"elementor-widget-container\">\n\t\t\t\t\t\t\t\t\t\t\t\t\t\t\t<img decoding=\"async\" width=\"788\" height=\"778\" src=\"https:\/\/www.budakyapiinsaat.com\/wp-content\/uploads\/2023\/05\/WhatsApp-Image-2020-03-20-at-18.24.10-2.jpeg\" class=\"attachment-full size-full wp-image-987863\" alt=\"\" srcset=\"https:\/\/www.budakyapiinsaat.com\/wp-content\/uploads\/2023\/05\/WhatsApp-Image-2020-03-20-at-18.24.10-2.jpeg 788w, https:\/\/www.budakyapiinsaat.com\/wp-content\/uploads\/2023\/05\/WhatsApp-Image-2020-03-20-at-18.24.10-2-300x296.jpeg 300w, https:\/\/www.budakyapiinsaat.com\/wp-content\/uploads\/2023\/05\/WhatsApp-Image-2020-03-20-at-18.24.10-2-768x758.jpeg 768w, https:\/\/www.budakyapiinsaat.com\/wp-content\/uploads\/2023\/05\/WhatsApp-Image-2020-03-20-at-18.24.10-2-12x12.jpeg 12w\" sizes=\"(max-width: 788px) 100vw, 788px\" \/>\t\t\t\t\t\t\t\t\t\t\t\t\t\t\t<\/div>\n\t\t\t\t<\/div>\n\t\t\t\t\t<\/div>\n\t\t<\/div>\n\t\t\t\t\t\t\t<\/div>\n\t\t<\/section>\n\t\t\t\t\t<\/div>\n\t\t<\/div>\n\t\t\t\t\t\t\t<\/div>\n\t\t<\/section>\n\t\t\t\t<section class=\"elementor-section elementor-top-section elementor-element elementor-element-2da5759 elementor-section-boxed elementor-section-height-default elementor-section-height-default\" data-id=\"2da5759\" data-element_type=\"section\">\n\t\t\t\t\t\t<div class=\"elementor-container elementor-column-gap-default\">\n\t\t\t\t\t<div class=\"elementor-column elementor-col-100 elementor-top-column elementor-element elementor-element-fd10e9d\" data-id=\"fd10e9d\" data-element_type=\"column\">\n\t\t\t<div class=\"elementor-widget-wrap elementor-element-populated\">\n\t\t\t\t\t\t\t\t<section class=\"elementor-section elementor-inner-section elementor-element elementor-element-2daea5f elementor-section-boxed elementor-section-height-default elementor-section-height-default\" data-id=\"2daea5f\" data-element_type=\"section\">\n\t\t\t\t\t\t<div class=\"elementor-container elementor-column-gap-default\">\n\t\t\t\t\t<div class=\"elementor-column elementor-col-50 elementor-inner-column elementor-element elementor-element-ebb0a87\" data-id=\"ebb0a87\" data-element_type=\"column\">\n\t\t\t<div class=\"elementor-widget-wrap elementor-element-populated\">\n\t\t\t\t\t\t\t\t<div class=\"elementor-element elementor-element-55d779d elementor-widget elementor-widget-image\" data-id=\"55d779d\" data-element_type=\"widget\" data-widget_type=\"image.default\">\n\t\t\t\t<div class=\"elementor-widget-container\">\n\t\t\t\t\t\t\t\t\t\t\t\t\t\t\t<img decoding=\"async\" width=\"1024\" height=\"512\" src=\"https:\/\/www.budakyapiinsaat.com\/wp-content\/uploads\/2023\/05\/WhatsApp-Image-2020-03-20-at-18.24.10-1.jpeg\" class=\"attachment-full size-full wp-image-987862\" alt=\"\" srcset=\"https:\/\/www.budakyapiinsaat.com\/wp-content\/uploads\/2023\/05\/WhatsApp-Image-2020-03-20-at-18.24.10-1.jpeg 1024w, https:\/\/www.budakyapiinsaat.com\/wp-content\/uploads\/2023\/05\/WhatsApp-Image-2020-03-20-at-18.24.10-1-300x150.jpeg 300w, https:\/\/www.budakyapiinsaat.com\/wp-content\/uploads\/2023\/05\/WhatsApp-Image-2020-03-20-at-18.24.10-1-768x384.jpeg 768w, https:\/\/www.budakyapiinsaat.com\/wp-content\/uploads\/2023\/05\/WhatsApp-Image-2020-03-20-at-18.24.10-1-18x9.jpeg 18w\" sizes=\"(max-width: 1024px) 100vw, 1024px\" \/>\t\t\t\t\t\t\t\t\t\t\t\t\t\t\t<\/div>\n\t\t\t\t<\/div>\n\t\t\t\t\t<\/div>\n\t\t<\/div>\n\t\t\t\t<div class=\"elementor-column elementor-col-50 elementor-inner-column elementor-element elementor-element-15d0086\" data-id=\"15d0086\" data-element_type=\"column\">\n\t\t\t<div class=\"elementor-widget-wrap elementor-element-populated\">\n\t\t\t\t\t\t\t\t<div class=\"elementor-element elementor-element-26abe5f elementor-widget elementor-widget-image\" data-id=\"26abe5f\" data-element_type=\"widget\" data-widget_type=\"image.default\">\n\t\t\t\t<div class=\"elementor-widget-container\">\n\t\t\t\t\t\t\t\t\t\t\t\t\t\t\t<img decoding=\"async\" width=\"609\" height=\"432\" src=\"https:\/\/www.budakyapiinsaat.com\/wp-content\/uploads\/2023\/05\/WhatsApp-Image-2020-03-20-at-18.24.01.jpeg\" class=\"attachment-full size-full wp-image-987861\" alt=\"\" srcset=\"https:\/\/www.budakyapiinsaat.com\/wp-content\/uploads\/2023\/05\/WhatsApp-Image-2020-03-20-at-18.24.01.jpeg 609w, https:\/\/www.budakyapiinsaat.com\/wp-content\/uploads\/2023\/05\/WhatsApp-Image-2020-03-20-at-18.24.01-300x213.jpeg 300w, https:\/\/www.budakyapiinsaat.com\/wp-content\/uploads\/2023\/05\/WhatsApp-Image-2020-03-20-at-18.24.01-18x12.jpeg 18w\" sizes=\"(max-width: 609px) 100vw, 609px\" \/>\t\t\t\t\t\t\t\t\t\t\t\t\t\t\t<\/div>\n\t\t\t\t<\/div>\n\t\t\t\t\t<\/div>\n\t\t<\/div>\n\t\t\t\t\t\t\t<\/div>\n\t\t<\/section>\n\t\t\t\t\t<\/div>\n\t\t<\/div>\n\t\t\t\t\t\t\t<\/div>\n\t\t<\/section>\n\t\t\t\t\t\t\t<\/div>","protected":false},"excerpt":{"rendered":"<p>\u041f\u0440\u043e\u0435\u043a\u0442\u044b<\/p>","protected":false},"author":1,"featured_media":0,"parent":6872,"menu_order":0,"comment_status":"closed","ping_status":"closed","template":"","meta":{"_coblocks_attr":"","_coblocks_dimensions":"","_coblocks_responsive_height":"","_coblocks_accordion_ie_support":""},"yoast_head":"<!-- This site is optimized with the Yoast SEO plugin v20.7 - https:\/\/yoast.com\/wordpress\/plugins\/seo\/ -->\n<title>Ye\u015fil \u00c7at\u0131 Uygulamas\u0131 - Budak Yap\u0131 \u0130n\u015faat<\/title>\n<meta name=\"robots\" content=\"index, follow, max-snippet:-1, max-image-preview:large, max-video-preview:-1\" \/>\n<link rel=\"canonical\" href=\"https:\/\/www.budakyapiinsaat.com\/ru\/services\/pre-construction\/\" \/>\n<meta property=\"og:locale\" content=\"ru_RU\" \/>\n<meta property=\"og:type\" content=\"article\" \/>\n<meta property=\"og:title\" content=\"Ye\u015fil \u00c7at\u0131 Uygulamas\u0131 - Budak Yap\u0131 \u0130n\u015faat\" \/>\n<meta property=\"og:description\" content=\"Projeler\" \/>\n<meta property=\"og:url\" content=\"https:\/\/www.budakyapiinsaat.com\/ru\/services\/pre-construction\/\" \/>\n<meta property=\"og:site_name\" content=\"Budak Yap\u0131 \u0130n\u015faat\" \/>\n<meta property=\"article:publisher\" content=\"https:\/\/facebook.com\/562480217426920\" \/>\n<meta property=\"article:modified_time\" content=\"2023-05-16T21:44:25+00:00\" \/>\n<meta property=\"og:image\" content=\"https:\/\/www.budakyapiinsaat.com\/wp-content\/uploads\/2023\/05\/WhatsApp-Image-2020-03-20-at-18.24.10-3.jpeg\" \/>\n<meta name=\"twitter:card\" content=\"summary_large_image\" \/>\n<meta name=\"twitter:site\" content=\"@BudakInsaat44\" \/>\n<meta name=\"twitter:label1\" content=\"\u041f\u0440\u0438\u043c\u0435\u0440\u043d\u043e\u0435 \u0432\u0440\u0435\u043c\u044f \u0434\u043b\u044f \u0447\u0442\u0435\u043d\u0438\u044f\" \/>\n\t<meta name=\"twitter:data1\" content=\"1 \u043c\u0438\u043d\u0443\u0442\u0430\" \/>\n<script type=\"application\/ld+json\" class=\"yoast-schema-graph\">{\"@context\":\"https:\/\/schema.org\",\"@graph\":[{\"@type\":\"WebPage\",\"@id\":\"https:\/\/www.budakyapiinsaat.com\/services\/pre-construction\/\",\"url\":\"https:\/\/www.budakyapiinsaat.com\/services\/pre-construction\/\",\"name\":\"Ye\u015fil \u00c7at\u0131 Uygulamas\u0131 - Budak Yap\u0131 \u0130n\u015faat\",\"isPartOf\":{\"@id\":\"https:\/\/www.budakyapiinsaat.com\/#website\"},\"datePublished\":\"2022-10-25T12:06:14+00:00\",\"dateModified\":\"2023-05-16T21:44:25+00:00\",\"breadcrumb\":{\"@id\":\"https:\/\/www.budakyapiinsaat.com\/services\/pre-construction\/#breadcrumb\"},\"inLanguage\":\"ru-RU\",\"potentialAction\":[{\"@type\":\"ReadAction\",\"target\":[\"https:\/\/www.budakyapiinsaat.com\/services\/pre-construction\/\"]}]},{\"@type\":\"BreadcrumbList\",\"@id\":\"https:\/\/www.budakyapiinsaat.com\/services\/pre-construction\/#breadcrumb\",\"itemListElement\":[{\"@type\":\"ListItem\",\"position\":1,\"name\":\"Home\",\"item\":\"https:\/\/www.budakyapiinsaat.com\/tr\/\"},{\"@type\":\"ListItem\",\"position\":2,\"name\":\"Services\",\"item\":\"https:\/\/www.budakyapiinsaat.com\/services\/\"},{\"@type\":\"ListItem\",\"position\":3,\"name\":\"Ye\u015fil \u00c7at\u0131 Uygulamas\u0131\"}]},{\"@type\":\"WebSite\",\"@id\":\"https:\/\/www.budakyapiinsaat.com\/#website\",\"url\":\"https:\/\/www.budakyapiinsaat.com\/\",\"name\":\"Budak Yap\u0131 \u0130n\u015faat\",\"description\":\"Budak Yap\u0131 \u0130n\u015faat\",\"publisher\":{\"@id\":\"https:\/\/www.budakyapiinsaat.com\/#organization\"},\"potentialAction\":[{\"@type\":\"SearchAction\",\"target\":{\"@type\":\"EntryPoint\",\"urlTemplate\":\"https:\/\/www.budakyapiinsaat.com\/?s={search_term_string}\"},\"query-input\":\"required name=search_term_string\"}],\"inLanguage\":\"ru-RU\"},{\"@type\":\"Organization\",\"@id\":\"https:\/\/www.budakyapiinsaat.com\/#organization\",\"name\":\"Budak Yap\u0131 \u0130n\u015faat\",\"url\":\"https:\/\/www.budakyapiinsaat.com\/\",\"logo\":{\"@type\":\"ImageObject\",\"inLanguage\":\"ru-RU\",\"@id\":\"https:\/\/www.budakyapiinsaat.com\/#\/schema\/logo\/image\/\",\"url\":\"https:\/\/www.budakyapiinsaat.com\/wp-content\/uploads\/2022\/09\/111.png\",\"contentUrl\":\"https:\/\/www.budakyapiinsaat.com\/wp-content\/uploads\/2022\/09\/111.png\",\"width\":1251,\"height\":818,\"caption\":\"Budak Yap\u0131 \u0130n\u015faat\"},\"image\":{\"@id\":\"https:\/\/www.budakyapiinsaat.com\/#\/schema\/logo\/image\/\"},\"sameAs\":[\"https:\/\/facebook.com\/562480217426920\",\"https:\/\/twitter.com\/BudakInsaat44\"]}]}<\/script>\n<!-- \/ Yoast SEO plugin. -->","yoast_head_json":{"title":"Ye\u015fil \u00c7at\u0131 Uygulamas\u0131 - Budak Yap\u0131 \u0130n\u015faat","robots":{"index":"index","follow":"follow","max-snippet":"max-snippet:-1","max-image-preview":"max-image-preview:large","max-video-preview":"max-video-preview:-1"},"canonical":"https:\/\/www.budakyapiinsaat.com\/ru\/services\/pre-construction\/","og_locale":"ru_RU","og_type":"article","og_title":"Ye\u015fil \u00c7at\u0131 Uygulamas\u0131 - Budak Yap\u0131 \u0130n\u015faat","og_description":"Projeler","og_url":"https:\/\/www.budakyapiinsaat.com\/ru\/services\/pre-construction\/","og_site_name":"Budak Yap\u0131 \u0130n\u015faat","article_publisher":"https:\/\/facebook.com\/562480217426920","article_modified_time":"2023-05-16T21:44:25+00:00","og_image":[{"url":"https:\/\/www.budakyapiinsaat.com\/wp-content\/uploads\/2023\/05\/WhatsApp-Image-2020-03-20-at-18.24.10-3.jpeg"}],"twitter_card":"summary_large_image","twitter_site":"@BudakInsaat44","twitter_misc":{"\u041f\u0440\u0438\u043c\u0435\u0440\u043d\u043e\u0435 \u0432\u0440\u0435\u043c\u044f \u0434\u043b\u044f \u0447\u0442\u0435\u043d\u0438\u044f":"1 \u043c\u0438\u043d\u0443\u0442\u0430"},"schema":{"@context":"https:\/\/schema.org","@graph":[{"@type":"WebPage","@id":"https:\/\/www.budakyapiinsaat.com\/services\/pre-construction\/","url":"https:\/\/www.budakyapiinsaat.com\/services\/pre-construction\/","name":"Ye\u015fil \u00c7at\u0131 Uygulamas\u0131 - Budak Yap\u0131 \u0130n\u015faat","isPartOf":{"@id":"https:\/\/www.budakyapiinsaat.com\/#website"},"datePublished":"2022-10-25T12:06:14+00:00","dateModified":"2023-05-16T21:44:25+00:00","breadcrumb":{"@id":"https:\/\/www.budakyapiinsaat.com\/services\/pre-construction\/#breadcrumb"},"inLanguage":"ru-RU","potentialAction":[{"@type":"ReadAction","target":["https:\/\/www.budakyapiinsaat.com\/services\/pre-construction\/"]}]},{"@type":"BreadcrumbList","@id":"https:\/\/www.budakyapiinsaat.com\/services\/pre-construction\/#breadcrumb","itemListElement":[{"@type":"ListItem","position":1,"name":"Home","item":"https:\/\/www.budakyapiinsaat.com\/tr\/"},{"@type":"ListItem","position":2,"name":"Services","item":"https:\/\/www.budakyapiinsaat.com\/services\/"},{"@type":"ListItem","position":3,"name":"Ye\u015fil \u00c7at\u0131 Uygulamas\u0131"}]},{"@type":"WebSite","@id":"https:\/\/www.budakyapiinsaat.com\/#website","url":"https:\/\/www.budakyapiinsaat.com\/","name":"Budak Yap\u0131 \u0130n\u015faat","description":"Budak Yap\u0131 \u0130n\u015faat","publisher":{"@id":"https:\/\/www.budakyapiinsaat.com\/#organization"},"potentialAction":[{"@type":"SearchAction","target":{"@type":"EntryPoint","urlTemplate":"https:\/\/www.budakyapiinsaat.com\/?s={search_term_string}"},"query-input":"required name=search_term_string"}],"inLanguage":"ru-RU"},{"@type":"Organization","@id":"https:\/\/www.budakyapiinsaat.com\/#organization","name":"Budak Yap\u0131 \u0130n\u015faat","url":"https:\/\/www.budakyapiinsaat.com\/","logo":{"@type":"ImageObject","inLanguage":"ru-RU","@id":"https:\/\/www.budakyapiinsaat.com\/#\/schema\/logo\/image\/","url":"https:\/\/www.budakyapiinsaat.com\/wp-content\/uploads\/2022\/09\/111.png","contentUrl":"https:\/\/www.budakyapiinsaat.com\/wp-content\/uploads\/2022\/09\/111.png","width":1251,"height":818,"caption":"Budak Yap\u0131 \u0130n\u015faat"},"image":{"@id":"https:\/\/www.budakyapiinsaat.com\/#\/schema\/logo\/image\/"},"sameAs":["https:\/\/facebook.com\/562480217426920","https:\/\/twitter.com\/BudakInsaat44"]}]}},"_links":{"self":[{"href":"https:\/\/www.budakyapiinsaat.com\/ru\/wp-json\/wp\/v2\/pages\/5892"}],"collection":[{"href":"https:\/\/www.budakyapiinsaat.com\/ru\/wp-json\/wp\/v2\/pages"}],"about":[{"href":"https:\/\/www.budakyapiinsaat.com\/ru\/wp-json\/wp\/v2\/types\/page"}],"author":[{"embeddable":true,"href":"https:\/\/www.budakyapiinsaat.com\/ru\/wp-json\/wp\/v2\/users\/1"}],"replies":[{"embeddable":true,"href":"https:\/\/www.budakyapiinsaat.com\/ru\/wp-json\/wp\/v2\/comments?post=5892"}],"version-history":[{"count":7,"href":"https:\/\/www.budakyapiinsaat.com\/ru\/wp-json\/wp\/v2\/pages\/5892\/revisions"}],"predecessor-version":[{"id":988207,"href":"https:\/\/www.budakyapiinsaat.com\/ru\/wp-json\/wp\/v2\/pages\/5892\/revisions\/988207"}],"up":[{"embeddable":true,"href":"https:\/\/www.budakyapiinsaat.com\/ru\/wp-json\/wp\/v2\/pages\/6872"}],"wp:attachment":[{"href":"https:\/\/www.budakyapiinsaat.com\/ru\/wp-json\/wp\/v2\/media?parent=5892"}],"curies":[{"name":"wp","href":"https:\/\/api.w.org\/{rel}","templated":true}]}}