{"id":812,"date":"2022-09-13T08:51:17","date_gmt":"2022-09-13T08:51:17","guid":{"rendered":"https:\/\/konstruktion.vamtam.com\/?page_id=812"},"modified":"2023-05-15T07:04:35","modified_gmt":"2023-05-15T07:04:35","slug":"about-us","status":"publish","type":"page","link":"https:\/\/www.budakyapiinsaat.com\/tr\/about-us\/","title":{"rendered":"Hakk\u0131m\u0131zda"},"content":{"rendered":"\t\t<div data-elementor-type=\"wp-page\" data-elementor-id=\"812\" class=\"elementor elementor-812\">\n\t\t\t\t\t\t\t\t\t<section class=\"elementor-section elementor-top-section elementor-element elementor-element-50582fc elementor-section-boxed elementor-section-height-default elementor-section-height-default\" data-id=\"50582fc\" data-element_type=\"section\">\n\t\t\t\t\t\t<div class=\"elementor-container elementor-column-gap-no\">\n\t\t\t\t\t<div class=\"elementor-column elementor-col-50 elementor-top-column elementor-element elementor-element-051d7f9\" data-id=\"051d7f9\" data-element_type=\"column\">\n\t\t\t<div class=\"elementor-widget-wrap elementor-element-populated\">\n\t\t\t\t\t\t\t\t<div class=\"elementor-element elementor-element-0c9142b elementor-position-right elementor-widget__width-auto elementor-mobile-position-right elementor-widget-mobile__width-auto elementor-vertical-align-middle elementor-view-default elementor-invisible elementor-widget elementor-widget-icon-box\" data-id=\"0c9142b\" data-element_type=\"widget\" data-settings=\"{&quot;_animation&quot;:&quot;slideInUp&quot;}\" data-widget_type=\"icon-box.default\">\n\t\t\t\t<div class=\"elementor-widget-container\">\n\t\t\t<link rel=\"stylesheet\" href=\"https:\/\/www.budakyapiinsaat.com\/wp-content\/plugins\/elementor\/assets\/css\/widget-icon-box.min.css\">\t\t<div class=\"elementor-icon-box-wrapper\">\n\t\t\t\t\t\t<div class=\"elementor-icon-box-icon\">\n\t\t\t\t<span class=\"elementor-icon elementor-animation-\" >\n\t\t\t\t<i aria-hidden=\"true\" class=\"vamtamtheme- vamtam-theme-line-titles\"><\/i>\t\t\t\t<\/span>\n\t\t\t<\/div>\n\t\t\t\t\t\t<div class=\"elementor-icon-box-content\">\n\t\t\t\t<span class=\"elementor-icon-box-title\">\n\t\t\t\t\t<span  >\n\t\t\t\t\t\tBiz kimiz\t\t\t\t\t<\/span>\n\t\t\t\t<\/span>\n\t\t\t\t\t\t\t<\/div>\n\t\t<\/div>\n\t\t\t\t<\/div>\n\t\t\t\t<\/div>\n\t\t\t\t\t<\/div>\n\t\t<\/div>\n\t\t\t\t<div class=\"elementor-column elementor-col-50 elementor-top-column elementor-element elementor-element-f75dbc0\" data-id=\"f75dbc0\" data-element_type=\"column\">\n\t\t\t<div class=\"elementor-widget-wrap\">\n\t\t\t\t\t\t\t\t\t<\/div>\n\t\t<\/div>\n\t\t\t\t\t\t\t<\/div>\n\t\t<\/section>\n\t\t\t\t<section class=\"elementor-section elementor-top-section elementor-element elementor-element-ac4e796 elementor-section-full_width elementor-section-height-min-height elementor-section-stretched elementor-section-height-default elementor-section-items-middle\" data-id=\"ac4e796\" data-element_type=\"section\" data-settings=\"{&quot;background_background&quot;:&quot;classic&quot;,&quot;stretch_section&quot;:&quot;section-stretched&quot;}\">\n\t\t\t\t\t\t<div class=\"elementor-container elementor-column-gap-default\">\n\t\t\t\t\t<div class=\"elementor-column elementor-col-100 elementor-top-column elementor-element elementor-element-3c1db8f\" data-id=\"3c1db8f\" data-element_type=\"column\">\n\t\t\t<div class=\"elementor-widget-wrap\">\n\t\t\t\t\t\t\t\t\t<\/div>\n\t\t<\/div>\n\t\t\t\t\t\t\t<\/div>\n\t\t<\/section>\n\t\t\t\t<section class=\"elementor-section elementor-top-section elementor-element elementor-element-ca7dc3d elementor-section-boxed elementor-section-height-default elementor-section-height-default\" data-id=\"ca7dc3d\" data-element_type=\"section\" data-settings=\"{&quot;background_background&quot;:&quot;classic&quot;}\">\n\t\t\t\t\t\t<div class=\"elementor-container elementor-column-gap-no\">\n\t\t\t\t\t<div class=\"elementor-column elementor-col-100 elementor-top-column elementor-element elementor-element-7a99355\" data-id=\"7a99355\" data-element_type=\"column\">\n\t\t\t<div class=\"elementor-widget-wrap elementor-element-populated\">\n\t\t\t\t\t\t\t\t<div class=\"elementor-element elementor-element-fc73c69 elementor-position-right elementor-widget__width-auto elementor-mobile-position-right elementor-widget-mobile__width-auto elementor-vertical-align-middle elementor-view-default elementor-invisible elementor-widget elementor-widget-icon-box\" data-id=\"fc73c69\" data-element_type=\"widget\" data-settings=\"{&quot;_animation&quot;:&quot;slideInUp&quot;}\" data-widget_type=\"icon-box.default\">\n\t\t\t\t<div class=\"elementor-widget-container\">\n\t\t\t\t\t<div class=\"elementor-icon-box-wrapper\">\n\t\t\t\t\t\t<div class=\"elementor-icon-box-icon\">\n\t\t\t\t<span class=\"elementor-icon elementor-animation-\" >\n\t\t\t\t<i aria-hidden=\"true\" class=\"vamtamtheme- vamtam-theme-line-titles\"><\/i>\t\t\t\t<\/span>\n\t\t\t<\/div>\n\t\t\t\t\t\t<div class=\"elementor-icon-box-content\">\n\t\t\t\t<span class=\"elementor-icon-box-title\">\n\t\t\t\t\t<span  >\n\t\t\t\t\t\tBudak \u0130n\u015faat\t\t\t\t\t<\/span>\n\t\t\t\t<\/span>\n\t\t\t\t\t\t\t<\/div>\n\t\t<\/div>\n\t\t\t\t<\/div>\n\t\t\t\t<\/div>\n\t\t\t\t<div class=\"elementor-element elementor-element-8edbc01 elementor-widget elementor-widget-heading\" data-id=\"8edbc01\" data-element_type=\"widget\" data-widget_type=\"heading.default\">\n\t\t\t\t<div class=\"elementor-widget-container\">\n\t\t\t<style>\/*! elementor - v3.13.1 - 09-05-2023 *\/\n.elementor-heading-title{padding:0;margin:0;line-height:1}.elementor-widget-heading .elementor-heading-title[class*=elementor-size-]>a{color:inherit;font-size:inherit;line-height:inherit}.elementor-widget-heading .elementor-heading-title.elementor-size-small{font-size:15px}.elementor-widget-heading .elementor-heading-title.elementor-size-medium{font-size:19px}.elementor-widget-heading .elementor-heading-title.elementor-size-large{font-size:29px}.elementor-widget-heading .elementor-heading-title.elementor-size-xl{font-size:39px}.elementor-widget-heading .elementor-heading-title.elementor-size-xxl{font-size:59px}<\/style><h4 class=\"elementor-heading-title elementor-size-default\">\u015eirketimiz insan odakl\u0131,insana de\u011fer veren ,aile kavram\u0131n\u0131n \u00f6nemini bilen ve ailenizle mutlu,huzurlu ve konforlu bir \u015fekilde ya\u015faman\u0131z\u0131 dilemekte ve bunun i\u00e7in emek vermektedir.D\u00fcnya ekolojisinin \u00e7ocuklar\u0131m\u0131z\u0131n emaneti oldu\u011funu bilen kaliteli yap\u0131tlar in\u015fa etmek. Bu yap\u0131tlar\u0131 yaparken de kalite,konfor,g\u00fcvenlik ve hijyen ilkelerinden taviz vermeden s\u00fcrd\u00fcr\u00fclebilen ya\u015fam tarz\u0131n\u0131 ya\u015fam karakteri haline getirmeyi ama\u00e7lamaktad\u0131r.  <\/h4>\t\t<\/div>\n\t\t\t\t<\/div>\n\t\t\t\t<div class=\"elementor-element elementor-element-c274310 elementor-widget elementor-widget-heading\" data-id=\"c274310\" data-element_type=\"widget\" data-widget_type=\"heading.default\">\n\t\t\t\t<div class=\"elementor-widget-container\">\n\t\t\t<h4 class=\"elementor-heading-title elementor-size-default\"><div><span style=\"font-family: var( --e-global-typography-vamtam_h4-font-family ), Sans-serif; font-size: var( --e-global-typography-vamtam_h4-font-size ); font-style: normal; font-variant-ligatures: normal; font-variant-caps: normal; font-weight: var( --e-global-typography-vamtam_h4-font-weight ); background-color: var( --e-global-color-vamtam_accent_3 );\"><br><\/span><\/div><div><span style=\"font-family: var( --e-global-typography-vamtam_h4-font-family ), Sans-serif; font-size: var( --e-global-typography-vamtam_h4-font-size ); font-style: normal; font-variant-ligatures: normal; font-variant-caps: normal; font-weight: var( --e-global-typography-vamtam_h4-font-weight ); background-color: var( --e-global-color-vamtam_accent_3 );\">T<\/span><span style=\"font-family: var( --e-global-typography-vamtam_h4-font-family ), Sans-serif; font-size: var( --e-global-typography-vamtam_h4-font-size ); font-style: normal; font-variant-ligatures: normal; font-variant-caps: normal; font-weight: var( --e-global-typography-vamtam_h4-font-weight ); background-color: var( --e-global-color-vamtam_accent_3 );\">am karakterli ya\u015fam tarz\u0131nda;<\/span><\/div><div><h4 data-elementor-setting-key=\"title\" data-pen-placeholder=\"Buraya yaz...\" style=\"font-style: normal; font-variant-ligatures: normal; font-variant-caps: normal; font-weight: var( --e-global-typography-vamtam_h4-font-weight ); font-size: var( --e-global-typography-vamtam_h4-font-size ); line-height: var( --e-global-typography-vamtam_h4-line-height ); letter-spacing: normal; text-transform: none; text-decoration-thickness: initial; text-decoration-style: initial; text-decoration-color: initial; color: rgb(0, 0, 0); word-spacing: 0px;\">\t  Ki\u015finin yer alt\u0131 ve yer \u00fcst\u00fc kaynaklar\u0131n\u0131 minimum seviyede kullanmak, fosil yak\u0131tlar\u0131n kullan\u0131m\u0131n\u0131 minimum seviyeye indirmek, d\u00f6n\u00fc\u015f\u00fclebilir ye\u015fil enerji(g\u00fcne\u015f) maksimum verimle kullanmak, hane halk\u0131n\u0131n at\u0131klar\u0131n\u0131 do\u011faya salmadan geri d\u00f6n\u00fc\u015f\u00fcm\u00fcn\u00fc maksimum seviyeye \u00e7\u0131karmak.  <\/h4><\/div><\/h4>\t\t<\/div>\n\t\t\t\t<\/div>\n\t\t\t\t\t<\/div>\n\t\t<\/div>\n\t\t\t\t\t\t\t<\/div>\n\t\t<\/section>\n\t\t\t\t<section class=\"elementor-section elementor-top-section elementor-element elementor-element-c771a42 elementor-section-boxed elementor-section-height-default elementor-section-height-default\" data-id=\"c771a42\" data-element_type=\"section\">\n\t\t\t\t\t\t<div class=\"elementor-container elementor-column-gap-no\">\n\t\t\t\t\t<div class=\"elementor-column elementor-col-50 elementor-top-column elementor-element elementor-element-522ebbd\" data-id=\"522ebbd\" data-element_type=\"column\">\n\t\t\t<div class=\"elementor-widget-wrap elementor-element-populated\">\n\t\t\t\t\t\t\t\t<div class=\"elementor-element elementor-element-7eb3c52 elementor-widget elementor-widget-heading\" data-id=\"7eb3c52\" data-element_type=\"widget\" data-widget_type=\"heading.default\">\n\t\t\t\t<div class=\"elementor-widget-container\">\n\t\t\t<h3 class=\"elementor-heading-title elementor-size-default\">Firma Ad\u0131m\u0131z<\/h3>\t\t<\/div>\n\t\t\t\t<\/div>\n\t\t\t\t<div class=\"elementor-element elementor-element-0edcb40 elementor-widget elementor-widget-image\" data-id=\"0edcb40\" data-element_type=\"widget\" data-widget_type=\"image.default\">\n\t\t\t\t<div class=\"elementor-widget-container\">\n\t\t\t<style>\/*! elementor - v3.13.1 - 09-05-2023 *\/\n.elementor-widget-image{text-align:center}.elementor-widget-image a{display:inline-block}.elementor-widget-image a img[src$=\".svg\"]{width:48px}.elementor-widget-image img{vertical-align:middle;display:inline-block}<\/style>\t\t\t\t\t\t\t\t\t\t\t\t<img decoding=\"async\" width=\"837\" height=\"1024\" src=\"https:\/\/www.budakyapiinsaat.com\/wp-content\/uploads\/2022\/11\/pexels-mart-production-7222312-837x1024.jpg\" class=\"attachment-large size-large wp-image-9807\" alt=\"\" srcset=\"https:\/\/www.budakyapiinsaat.com\/wp-content\/uploads\/2022\/11\/pexels-mart-production-7222312-837x1024.jpg 837w, https:\/\/www.budakyapiinsaat.com\/wp-content\/uploads\/2022\/11\/pexels-mart-production-7222312-245x300.jpg 245w, https:\/\/www.budakyapiinsaat.com\/wp-content\/uploads\/2022\/11\/pexels-mart-production-7222312-768x939.jpg 768w, https:\/\/www.budakyapiinsaat.com\/wp-content\/uploads\/2022\/11\/pexels-mart-production-7222312.jpg 1066w\" sizes=\"(max-width: 837px) 100vw, 837px\" \/>\t\t\t\t\t\t\t\t\t\t\t\t\t\t\t<\/div>\n\t\t\t\t<\/div>\n\t\t\t\t\t<\/div>\n\t\t<\/div>\n\t\t\t\t<div class=\"elementor-column elementor-col-50 elementor-top-column elementor-element elementor-element-bae1a4b\" data-id=\"bae1a4b\" data-element_type=\"column\">\n\t\t\t<div class=\"elementor-widget-wrap elementor-element-populated\">\n\t\t\t\t\t\t\t\t<div class=\"elementor-element elementor-element-fce73bb elementor-widget elementor-widget-heading\" data-id=\"fce73bb\" data-element_type=\"widget\" data-widget_type=\"heading.default\">\n\t\t\t\t<div class=\"elementor-widget-container\">\n\t\t\t<h4 class=\"elementor-heading-title elementor-size-default\">Firmam\u0131z\u0131n di\u011fer ''BUDAK'' ad\u0131n\u0131 ta\u015f\u0131yan \u015firket veya i\u015fletmelerle herhangi bir ba\u011flant\u0131s\u0131 ve anla\u015fmas\u0131 bulunmamaktad\u0131r. T\u00fcm kamuoyunun bilgisine duyurulur. Anlay\u0131\u015f\u0131n\u0131z i\u00e7in te\u015fekk\u00fcr ederiz.<\/h4>\t\t<\/div>\n\t\t\t\t<\/div>\n\t\t\t\t<div class=\"elementor-element elementor-element-61e5c4c elementor-widget elementor-widget-image\" data-id=\"61e5c4c\" data-element_type=\"widget\" data-widget_type=\"image.default\">\n\t\t\t\t<div class=\"elementor-widget-container\">\n\t\t\t\t\t\t\t\t\t\t\t\t\t\t\t<img decoding=\"async\" width=\"793\" height=\"1024\" src=\"https:\/\/www.budakyapiinsaat.com\/wp-content\/uploads\/2022\/11\/pexels-mikael-blomkvist-8961130-793x1024.jpg\" class=\"attachment-large size-large wp-image-9808\" alt=\"\" srcset=\"https:\/\/www.budakyapiinsaat.com\/wp-content\/uploads\/2022\/11\/pexels-mikael-blomkvist-8961130-793x1024.jpg 793w, https:\/\/www.budakyapiinsaat.com\/wp-content\/uploads\/2022\/11\/pexels-mikael-blomkvist-8961130-232x300.jpg 232w, https:\/\/www.budakyapiinsaat.com\/wp-content\/uploads\/2022\/11\/pexels-mikael-blomkvist-8961130-768x991.jpg 768w, https:\/\/www.budakyapiinsaat.com\/wp-content\/uploads\/2022\/11\/pexels-mikael-blomkvist-8961130.jpg 1012w\" sizes=\"(max-width: 793px) 100vw, 793px\" \/>\t\t\t\t\t\t\t\t\t\t\t\t\t\t\t<\/div>\n\t\t\t\t<\/div>\n\t\t\t\t\t<\/div>\n\t\t<\/div>\n\t\t\t\t\t\t\t<\/div>\n\t\t<\/section>\n\t\t\t\t<section class=\"elementor-section elementor-top-section elementor-element elementor-element-04cbcb4 elementor-section-boxed elementor-section-height-default elementor-section-height-default\" data-id=\"04cbcb4\" data-element_type=\"section\" data-settings=\"{&quot;background_background&quot;:&quot;classic&quot;}\">\n\t\t\t\t\t\t<div class=\"elementor-container elementor-column-gap-no\">\n\t\t\t\t\t<div class=\"elementor-column elementor-col-50 elementor-top-column elementor-element elementor-element-ad3ba96 vamtam-cta-btn \" data-id=\"ad3ba96\" data-element_type=\"column\">\n\t\t\t<div class=\"elementor-widget-wrap elementor-element-populated\">\n\t\t\t\t\t\t\t\t<div class=\"elementor-element elementor-element-9ec9126 elementor-position-top elementor-view-default elementor-mobile-position-top elementor-vertical-align-top elementor-widget elementor-widget-icon-box\" data-id=\"9ec9126\" data-element_type=\"widget\" data-widget_type=\"icon-box.default\">\n\t\t\t\t<div class=\"elementor-widget-container\">\n\t\t\t\t\t<div class=\"elementor-icon-box-wrapper\">\n\t\t\t\t\t\t<div class=\"elementor-icon-box-icon\">\n\t\t\t\t<span class=\"elementor-icon elementor-animation-\" >\n\t\t\t\t<i aria-hidden=\"true\" class=\"vamtamtheme- vamtam-theme-miner\"><\/i>\t\t\t\t<\/span>\n\t\t\t<\/div>\n\t\t\t\t\t\t<div class=\"elementor-icon-box-content\">\n\t\t\t\t<h3 class=\"elementor-icon-box-title\">\n\t\t\t\t\t<span  >\n\t\t\t\t\t\tMisyonumuz\t\t\t\t\t<\/span>\n\t\t\t\t<\/h3>\n\t\t\t\t\t\t\t\t\t<p class=\"elementor-icon-box-description\">\n\t\t\t\t\t\t\u00d6n\u00fcm\u00fczdeki d\u00f6nemde prestijli ya\u015fam alanlar\u0131 \u00fcreterek, topluma ve insana uygun \u015fekilde gelece\u011fi in\u015fa etmek as\u0131l hedefimizdir. Yap\u0131da sa\u011flaml\u0131k, alanda ferahl\u0131k, malzemede \u00fcst d\u00fczey kalite, detaylarda incelik vazge\u00e7ilmez ilkeleri aras\u0131ndad\u0131r.\t\t\t\t\t<\/p>\n\t\t\t\t\t\t\t<\/div>\n\t\t<\/div>\n\t\t\t\t<\/div>\n\t\t\t\t<\/div>\n\t\t\t\t\t<\/div>\n\t\t<\/div>\n\t\t\t\t<div class=\"elementor-column elementor-col-50 elementor-top-column elementor-element elementor-element-22fd9d0\" data-id=\"22fd9d0\" data-element_type=\"column\">\n\t\t\t<div class=\"elementor-widget-wrap elementor-element-populated\">\n\t\t\t\t\t\t\t\t<div class=\"elementor-element elementor-element-99d429c elementor-position-top elementor-view-default elementor-mobile-position-top elementor-vertical-align-top elementor-widget elementor-widget-icon-box\" data-id=\"99d429c\" data-element_type=\"widget\" data-widget_type=\"icon-box.default\">\n\t\t\t\t<div class=\"elementor-widget-container\">\n\t\t\t\t\t<div class=\"elementor-icon-box-wrapper\">\n\t\t\t\t\t\t<div class=\"elementor-icon-box-icon\">\n\t\t\t\t<span class=\"elementor-icon elementor-animation-\" >\n\t\t\t\t<i aria-hidden=\"true\" class=\"vamtamtheme- vamtam-theme-Buildings\"><\/i>\t\t\t\t<\/span>\n\t\t\t<\/div>\n\t\t\t\t\t\t<div class=\"elementor-icon-box-content\">\n\t\t\t\t<h3 class=\"elementor-icon-box-title\">\n\t\t\t\t\t<span  >\n\t\t\t\t\t\tVizyonumuz\t\t\t\t\t<\/span>\n\t\t\t\t<\/h3>\n\t\t\t\t\t\t\t\t\t<p class=\"elementor-icon-box-description\">\n\t\t\t\t\t\tBudak \u0130n\u015faat A.\u015e. Malatya'n\u0131n en b\u00fcy\u00fck projelerini y\u00fcr\u00fctmekte ve sekt\u00f6r\u00fcn g\u00fcvenini sa\u011flamaktad\u0131r. \nSizlere konforlu, rahat, kullan\u0131\u015fl\u0131 ve modern ya\u015fam alanlar\u0131 sunmak \u015firketimizin gelece\u011fe dair vazge\u00e7ilmez vizyonudur. \n\t\t\t\t\t<\/p>\n\t\t\t\t\t\t\t<\/div>\n\t\t<\/div>\n\t\t\t\t<\/div>\n\t\t\t\t<\/div>\n\t\t\t\t\t<\/div>\n\t\t<\/div>\n\t\t\t\t\t\t\t<\/div>\n\t\t<\/section>\n\t\t\t\t\t\t\t<\/div>\n\t\t","protected":false},"excerpt":{"rendered":"<p>Biz kimiz Budak \u0130n\u015faat \u015eirketimiz insan odakl\u0131,insana de\u011fer veren ,aile kavram\u0131n\u0131n \u00f6nemini bilen ve ailenizle mutlu,huzurlu ve konforlu bir \u015fekilde&#8230;<\/p>\n","protected":false},"author":1,"featured_media":0,"parent":0,"menu_order":0,"comment_status":"closed","ping_status":"closed","template":"","meta":{"_coblocks_attr":"","_coblocks_dimensions":"","_coblocks_responsive_height":"","_coblocks_accordion_ie_support":""},"yoast_head":"<!-- This site is optimized with the Yoast SEO plugin v20.7 - https:\/\/yoast.com\/wordpress\/plugins\/seo\/ -->\n<title>Hakk\u0131m\u0131zda - Budak Yap\u0131 \u0130n\u015faat<\/title>\n<meta name=\"robots\" content=\"index, follow, max-snippet:-1, max-image-preview:large, max-video-preview:-1\" \/>\n<link rel=\"canonical\" href=\"https:\/\/www.budakyapiinsaat.com\/tr\/about-us\/\" \/>\n<meta property=\"og:locale\" content=\"tr_TR\" \/>\n<meta property=\"og:type\" content=\"article\" \/>\n<meta property=\"og:title\" content=\"Hakk\u0131m\u0131zda - Budak Yap\u0131 \u0130n\u015faat\" \/>\n<meta property=\"og:description\" content=\"Biz kimiz Budak \u0130n\u015faat \u015eirketimiz insan odakl\u0131,insana de\u011fer veren ,aile kavram\u0131n\u0131n \u00f6nemini bilen ve ailenizle mutlu,huzurlu ve konforlu bir \u015fekilde...\" \/>\n<meta property=\"og:url\" content=\"https:\/\/www.budakyapiinsaat.com\/tr\/about-us\/\" \/>\n<meta property=\"og:site_name\" content=\"Budak Yap\u0131 \u0130n\u015faat\" \/>\n<meta property=\"article:publisher\" content=\"https:\/\/facebook.com\/562480217426920\" \/>\n<meta property=\"article:modified_time\" content=\"2023-05-15T07:04:35+00:00\" \/>\n<meta property=\"og:image\" content=\"https:\/\/www.budakyapiinsaat.com\/wp-content\/uploads\/2022\/11\/pexels-mart-production-7222312-837x1024.jpg\" \/>\n<meta name=\"twitter:card\" content=\"summary_large_image\" \/>\n<meta name=\"twitter:site\" content=\"@BudakInsaat44\" \/>\n<meta name=\"twitter:label1\" content=\"Tahmini okuma s\u00fcresi\" \/>\n\t<meta name=\"twitter:data1\" content=\"2 dakika\" \/>\n<script type=\"application\/ld+json\" class=\"yoast-schema-graph\">{\"@context\":\"https:\/\/schema.org\",\"@graph\":[{\"@type\":\"WebPage\",\"@id\":\"https:\/\/www.budakyapiinsaat.com\/about-us\/\",\"url\":\"https:\/\/www.budakyapiinsaat.com\/about-us\/\",\"name\":\"Hakk\u0131m\u0131zda - Budak Yap\u0131 \u0130n\u015faat\",\"isPartOf\":{\"@id\":\"https:\/\/www.budakyapiinsaat.com\/#website\"},\"datePublished\":\"2022-09-13T08:51:17+00:00\",\"dateModified\":\"2023-05-15T07:04:35+00:00\",\"breadcrumb\":{\"@id\":\"https:\/\/www.budakyapiinsaat.com\/about-us\/#breadcrumb\"},\"inLanguage\":\"tr\",\"potentialAction\":[{\"@type\":\"ReadAction\",\"target\":[\"https:\/\/www.budakyapiinsaat.com\/about-us\/\"]}]},{\"@type\":\"BreadcrumbList\",\"@id\":\"https:\/\/www.budakyapiinsaat.com\/about-us\/#breadcrumb\",\"itemListElement\":[{\"@type\":\"ListItem\",\"position\":1,\"name\":\"Home\",\"item\":\"https:\/\/www.budakyapiinsaat.com\/tr\/\"},{\"@type\":\"ListItem\",\"position\":2,\"name\":\"Hakk\u0131m\u0131zda\"}]},{\"@type\":\"WebSite\",\"@id\":\"https:\/\/www.budakyapiinsaat.com\/#website\",\"url\":\"https:\/\/www.budakyapiinsaat.com\/\",\"name\":\"Budak Yap\u0131 \u0130n\u015faat\",\"description\":\"Budak Yap\u0131 \u0130n\u015faat\",\"publisher\":{\"@id\":\"https:\/\/www.budakyapiinsaat.com\/#organization\"},\"potentialAction\":[{\"@type\":\"SearchAction\",\"target\":{\"@type\":\"EntryPoint\",\"urlTemplate\":\"https:\/\/www.budakyapiinsaat.com\/?s={search_term_string}\"},\"query-input\":\"required name=search_term_string\"}],\"inLanguage\":\"tr\"},{\"@type\":\"Organization\",\"@id\":\"https:\/\/www.budakyapiinsaat.com\/#organization\",\"name\":\"Budak Yap\u0131 \u0130n\u015faat\",\"url\":\"https:\/\/www.budakyapiinsaat.com\/\",\"logo\":{\"@type\":\"ImageObject\",\"inLanguage\":\"tr\",\"@id\":\"https:\/\/www.budakyapiinsaat.com\/#\/schema\/logo\/image\/\",\"url\":\"https:\/\/www.budakyapiinsaat.com\/wp-content\/uploads\/2022\/09\/111.png\",\"contentUrl\":\"https:\/\/www.budakyapiinsaat.com\/wp-content\/uploads\/2022\/09\/111.png\",\"width\":1251,\"height\":818,\"caption\":\"Budak Yap\u0131 \u0130n\u015faat\"},\"image\":{\"@id\":\"https:\/\/www.budakyapiinsaat.com\/#\/schema\/logo\/image\/\"},\"sameAs\":[\"https:\/\/facebook.com\/562480217426920\",\"https:\/\/twitter.com\/BudakInsaat44\"]}]}<\/script>\n<!-- \/ Yoast SEO plugin. -->","yoast_head_json":{"title":"Hakk\u0131m\u0131zda - Budak Yap\u0131 \u0130n\u015faat","robots":{"index":"index","follow":"follow","max-snippet":"max-snippet:-1","max-image-preview":"max-image-preview:large","max-video-preview":"max-video-preview:-1"},"canonical":"https:\/\/www.budakyapiinsaat.com\/tr\/about-us\/","og_locale":"tr_TR","og_type":"article","og_title":"Hakk\u0131m\u0131zda - Budak Yap\u0131 \u0130n\u015faat","og_description":"Biz kimiz Budak \u0130n\u015faat \u015eirketimiz insan odakl\u0131,insana de\u011fer veren ,aile kavram\u0131n\u0131n \u00f6nemini bilen ve ailenizle mutlu,huzurlu ve konforlu bir \u015fekilde...","og_url":"https:\/\/www.budakyapiinsaat.com\/tr\/about-us\/","og_site_name":"Budak Yap\u0131 \u0130n\u015faat","article_publisher":"https:\/\/facebook.com\/562480217426920","article_modified_time":"2023-05-15T07:04:35+00:00","og_image":[{"url":"https:\/\/www.budakyapiinsaat.com\/wp-content\/uploads\/2022\/11\/pexels-mart-production-7222312-837x1024.jpg"}],"twitter_card":"summary_large_image","twitter_site":"@BudakInsaat44","twitter_misc":{"Tahmini okuma s\u00fcresi":"2 dakika"},"schema":{"@context":"https:\/\/schema.org","@graph":[{"@type":"WebPage","@id":"https:\/\/www.budakyapiinsaat.com\/about-us\/","url":"https:\/\/www.budakyapiinsaat.com\/about-us\/","name":"Hakk\u0131m\u0131zda - Budak Yap\u0131 \u0130n\u015faat","isPartOf":{"@id":"https:\/\/www.budakyapiinsaat.com\/#website"},"datePublished":"2022-09-13T08:51:17+00:00","dateModified":"2023-05-15T07:04:35+00:00","breadcrumb":{"@id":"https:\/\/www.budakyapiinsaat.com\/about-us\/#breadcrumb"},"inLanguage":"tr","potentialAction":[{"@type":"ReadAction","target":["https:\/\/www.budakyapiinsaat.com\/about-us\/"]}]},{"@type":"BreadcrumbList","@id":"https:\/\/www.budakyapiinsaat.com\/about-us\/#breadcrumb","itemListElement":[{"@type":"ListItem","position":1,"name":"Home","item":"https:\/\/www.budakyapiinsaat.com\/tr\/"},{"@type":"ListItem","position":2,"name":"Hakk\u0131m\u0131zda"}]},{"@type":"WebSite","@id":"https:\/\/www.budakyapiinsaat.com\/#website","url":"https:\/\/www.budakyapiinsaat.com\/","name":"Budak Yap\u0131 \u0130n\u015faat","description":"Budak Yap\u0131 \u0130n\u015faat","publisher":{"@id":"https:\/\/www.budakyapiinsaat.com\/#organization"},"potentialAction":[{"@type":"SearchAction","target":{"@type":"EntryPoint","urlTemplate":"https:\/\/www.budakyapiinsaat.com\/?s={search_term_string}"},"query-input":"required name=search_term_string"}],"inLanguage":"tr"},{"@type":"Organization","@id":"https:\/\/www.budakyapiinsaat.com\/#organization","name":"Budak Yap\u0131 \u0130n\u015faat","url":"https:\/\/www.budakyapiinsaat.com\/","logo":{"@type":"ImageObject","inLanguage":"tr","@id":"https:\/\/www.budakyapiinsaat.com\/#\/schema\/logo\/image\/","url":"https:\/\/www.budakyapiinsaat.com\/wp-content\/uploads\/2022\/09\/111.png","contentUrl":"https:\/\/www.budakyapiinsaat.com\/wp-content\/uploads\/2022\/09\/111.png","width":1251,"height":818,"caption":"Budak Yap\u0131 \u0130n\u015faat"},"image":{"@id":"https:\/\/www.budakyapiinsaat.com\/#\/schema\/logo\/image\/"},"sameAs":["https:\/\/facebook.com\/562480217426920","https:\/\/twitter.com\/BudakInsaat44"]}]}},"_links":{"self":[{"href":"https:\/\/www.budakyapiinsaat.com\/tr\/wp-json\/wp\/v2\/pages\/812"}],"collection":[{"href":"https:\/\/www.budakyapiinsaat.com\/tr\/wp-json\/wp\/v2\/pages"}],"about":[{"href":"https:\/\/www.budakyapiinsaat.com\/tr\/wp-json\/wp\/v2\/types\/page"}],"author":[{"embeddable":true,"href":"https:\/\/www.budakyapiinsaat.com\/tr\/wp-json\/wp\/v2\/users\/1"}],"replies":[{"embeddable":true,"href":"https:\/\/www.budakyapiinsaat.com\/tr\/wp-json\/wp\/v2\/comments?post=812"}],"version-history":[{"count":27,"href":"https:\/\/www.budakyapiinsaat.com\/tr\/wp-json\/wp\/v2\/pages\/812\/revisions"}],"predecessor-version":[{"id":987824,"href":"https:\/\/www.budakyapiinsaat.com\/tr\/wp-json\/wp\/v2\/pages\/812\/revisions\/987824"}],"wp:attachment":[{"href":"https:\/\/www.budakyapiinsaat.com\/tr\/wp-json\/wp\/v2\/media?parent=812"}],"curies":[{"name":"wp","href":"https:\/\/api.w.org\/{rel}","templated":true}]}}